{"id":37,"date":"2021-07-28T14:09:17","date_gmt":"2021-07-28T14:09:17","guid":{"rendered":"https:\/\/nagykanizsa.reformatus.hu\/?page_id=37"},"modified":"2021-08-24T13:01:27","modified_gmt":"2021-08-24T13:01:27","slug":"kapcsolat","status":"publish","type":"page","link":"https:\/\/nagykanizsa.reformatus.hu\/?page_id=37","title":{"rendered":"Kapcsolat"},"content":{"rendered":"\n<style type=\"text\/css\" data-created_by=\"avia_inline_auto\" id=\"style-css-av-561y1-d2d1f68d88c6f53eb185d834d55f3b65\">\n#top .av-special-heading.av-561y1-d2d1f68d88c6f53eb185d834d55f3b65{\npadding-bottom:10px;\n}\n<\/style>\n<div  class='av-special-heading av-561y1-d2d1f68d88c6f53eb185d834d55f3b65 av-special-heading-h2  avia-builder-el-0  el_before_av_hr  avia-builder-el-first  '><h2 class='av-special-heading-tag '  itemprop=\"headline\"  >Kapcsolat<\/h2><div class='special-heading-border'><div class='special-heading-inner-border'><\/div><\/div><\/div>\n\n<style type=\"text\/css\" data-created_by=\"avia_inline_auto\" id=\"style-css-av-4nfhx-150eb23b5dac470f643567a4ef1e7f20\">\n#top .hr.hr-invisible.av-4nfhx-150eb23b5dac470f643567a4ef1e7f20{\nheight:25px;\n}\n<\/style>\n<div  class='hr av-4nfhx-150eb23b5dac470f643567a4ef1e7f20 hr-invisible  avia-builder-el-1  el_after_av_heading  el_before_av_one_half  '><span class='hr-inner '><span class=\"hr-inner-style\"><\/span><\/span><\/div>\n<div class='flex_column av-4373p-bac2fdbddefa81e007bbe76d8b6cecfb av_one_half  avia-builder-el-2  el_after_av_hr  el_before_av_one_half  first flex_column_div '   ><p>\n<style type=\"text\/css\" data-created_by=\"avia_inline_auto\" id=\"style-css-av-ksq2tc12-c1e80fe9058a6bc8289dd8dcef500fab\">\n.avia-image-container.av-ksq2tc12-c1e80fe9058a6bc8289dd8dcef500fab .av-image-caption-overlay-center{\ncolor:#ffffff;\n}\n<\/style>\n<div  class='avia-image-container av-ksq2tc12-c1e80fe9058a6bc8289dd8dcef500fab av-styling- avia-align-center  avia-builder-el-3  el_before_av_hr  avia-builder-el-first  '  itemprop=\"image\" itemscope=\"itemscope\" itemtype=\"https:\/\/schema.org\/ImageObject\" ><div class=\"avia-image-container-inner\"><div class=\"avia-image-overlay-wrap\"><img decoding=\"async\" class='wp-image-91 avia-img-lazy-loading-not-91 avia_image' src=\"https:\/\/nagykanizsa.reformatus.hu\/wp-content\/uploads\/2021\/08\/kalvin_ter_6m.jpg\" alt='' title='kalvin_ter_6m'  height=\"817\" width=\"1089\"  itemprop=\"thumbnailUrl\" srcset=\"https:\/\/nagykanizsa.reformatus.hu\/wp-content\/uploads\/2021\/08\/kalvin_ter_6m.jpg 1089w, https:\/\/nagykanizsa.reformatus.hu\/wp-content\/uploads\/2021\/08\/kalvin_ter_6m-300x225.jpg 300w, https:\/\/nagykanizsa.reformatus.hu\/wp-content\/uploads\/2021\/08\/kalvin_ter_6m-1030x773.jpg 1030w, https:\/\/nagykanizsa.reformatus.hu\/wp-content\/uploads\/2021\/08\/kalvin_ter_6m-768x576.jpg 768w, https:\/\/nagykanizsa.reformatus.hu\/wp-content\/uploads\/2021\/08\/kalvin_ter_6m-705x529.jpg 705w\" sizes=\"(max-width: 1089px) 100vw, 1089px\" \/><\/div><\/div><\/div><br \/>\n\n<style type=\"text\/css\" data-created_by=\"avia_inline_auto\" id=\"style-css-av-q52t-655c055c845a7237a19469e816f877c9\">\n#top .hr.hr-invisible.av-q52t-655c055c845a7237a19469e816f877c9{\nheight:25px;\n}\n<\/style>\n<div  class='hr av-q52t-655c055c845a7237a19469e816f877c9 hr-invisible  avia-builder-el-4  el_after_av_image  el_before_av_textblock  '><span class='hr-inner '><span class=\"hr-inner-style\"><\/span><\/span><\/div><br \/>\n<section class=\"av_textblock_section \"  itemscope=\"itemscope\" itemtype=\"https:\/\/schema.org\/CreativeWork\" ><div class='avia_textblock  '   itemprop=\"text\" ><h4>Nagykanizsai Reform\u00e1tus Egyh\u00e1zk\u00f6zs\u00e9g<\/h4>\n<p>8800 Nagykanizsa K\u00e1lvin t\u00e9r 1.<\/p>\n<p>Banksz\u00e1mlasz\u00e1m:\u00a010918001-00000019-25170005<\/p>\n<p><strong>Lelkip\u00e1sztor el\u00e9rhet\u0151s\u00e9gei:<\/strong><\/p>\n<p>Hella Ferenc<\/p>\n<p>Email: kanizsailelkesz(kukac)gmail.com<\/p>\n<p>Mobil: +36 30 630 9130<\/p>\n<p><strong>\u00a0<\/strong><\/p>\n<\/div><\/section><\/p><\/div>\n<div class='flex_column av-36vr5-73bc809f48fbfb64ead147355a5345af av_one_half  avia-builder-el-6  el_after_av_one_half  el_before_av_hr  flex_column_div '   ><form action=\"https:\/\/nagykanizsa.reformatus.hu\/?page_id=37\" method=\"post\"  class=\"avia_ajax_form av-form-labels-visible   avia-builder-el-7  avia-builder-el-no-sibling   \" data-avia-form-id=\"1\" data-avia-redirect='' ><h3 class=''>K\u00fcldj\u00f6n nek\u00fcnk \u00fczenetet<\/h3><fieldset><p class='  first_form  form_element form_fullwidth' id='element_avia_1_1'><label for=\"avia_1_1\">N\u00e9v <abbr class=\"required\" title=\"required\">*<\/abbr><\/label> <input name=\"avia_1_1\" class=\"text_input is_empty\" type=\"text\" id=\"avia_1_1\" value=\"\" \/><\/p><p class='  first_form  form_element form_fullwidth' id='element_avia_2_1'><label for=\"avia_2_1\">E-Mail <abbr class=\"required\" title=\"required\">*<\/abbr><\/label> <input name=\"avia_2_1\" class=\"text_input is_email\" type=\"text\" id=\"avia_2_1\" value=\"\" \/><\/p><p class='  first_form  form_element form_fullwidth' id='element_avia_3_1'><label for=\"avia_3_1\">T\u00e1rgy <abbr class=\"required\" title=\"required\">*<\/abbr><\/label> <input name=\"avia_3_1\" class=\"text_input is_empty\" type=\"text\" id=\"avia_3_1\" value=\"\" \/><\/p><p class='  first_form  form_element form_fullwidth av-last-visible-form-element' id='element_avia_4_1'><label for=\"avia_4_1\" class=\"textare_label hidden textare_label_avia_4_1\">\u00dczenet <abbr class=\"required\" title=\"required\">*<\/abbr><\/label><textarea  name=\"avia_4_1\" class=\"text_area is_empty\" cols=\"40\" rows=\"7\" id=\"avia_4_1\" ><\/textarea><\/p><p class=\"hidden\"><input type=\"text\" name=\"avia_5_1\" class=\"hidden \" id=\"avia_5_1\" value=\"\" \/><\/p><p class=\"form_element \"><input type=\"hidden\" value=\"1\" name=\"avia_generated_form1\" \/><input type=\"submit\" value=\"K\u00dcLD\u00c9S\" class=\"button\"  data-sending-label=\"K\u00fcld\u00e9s\"\/><\/p><\/fieldset><\/form><div id=\"ajaxresponse_1\" class=\"ajaxresponse ajaxresponse_1 hidden\"><\/div><\/div>\n\n<style type=\"text\/css\" data-created_by=\"avia_inline_auto\" id=\"style-css-av-ksq2ue8b-da323223bbb4cea0eba73783d5bf6f86\">\n#top .hr.hr-invisible.av-ksq2ue8b-da323223bbb4cea0eba73783d5bf6f86{\nheight:50px;\n}\n<\/style>\n<div  class='hr av-ksq2ue8b-da323223bbb4cea0eba73783d5bf6f86 hr-invisible  avia-builder-el-8  el_after_av_one_half  el_before_av_social_share  '><span class='hr-inner '><span class=\"hr-inner-style\"><\/span><\/span><\/div>\n<div  class='av-social-sharing-box av-social-sharing-box-default   avia-builder-el-9  el_after_av_hr  avia-builder-el-last  av-social-sharing-box-fullwidth '><div class=\"av-share-box\"><h5 class='av-share-link-description av-no-toc '>Megoszt\u00e1s<\/h5><ul class=\"av-share-box-list noLightbox\"><li class='av-share-link av-social-link-facebook' ><a target=\"_blank\" aria-label=\"Megoszt\u00e1s Facebook\" href='https:\/\/www.facebook.com\/sharer.php?u=https:\/\/nagykanizsa.reformatus.hu\/?page_id=37&#038;t=Kapcsolat' aria-hidden='false' data-av_icon='\ue8f3' data-av_iconfont='entypo-fontello' title='' data-avia-related-tooltip='Megoszt\u00e1s Facebook' rel=\"noopener\"><span class='avia_hidden_link_text'>Megoszt\u00e1s Facebook<\/span><\/a><\/li><li class='av-share-link av-social-link-twitter' ><a target=\"_blank\" aria-label=\"Megoszt\u00e1s Twitter\" href='https:\/\/twitter.com\/share?text=Kapcsolat&#038;url=https:\/\/nagykanizsa.reformatus.hu\/?p=37' aria-hidden='false' data-av_icon='\ue8f1' data-av_iconfont='entypo-fontello' title='' data-avia-related-tooltip='Megoszt\u00e1s Twitter' rel=\"noopener\"><span class='avia_hidden_link_text'>Megoszt\u00e1s Twitter<\/span><\/a><\/li><li class='av-share-link av-social-link-whatsapp' ><a target=\"_blank\" aria-label=\"Share on WhatsApp\" href='https:\/\/api.whatsapp.com\/send?text=https:\/\/nagykanizsa.reformatus.hu\/?page_id=37' aria-hidden='false' data-av_icon='\uf232' data-av_iconfont='entypo-fontello' title='' data-avia-related-tooltip='Share on WhatsApp' rel=\"noopener\"><span class='avia_hidden_link_text'>Share on WhatsApp<\/span><\/a><\/li><li class='av-share-link av-social-link-linkedin' ><a target=\"_blank\" aria-label=\"Megoszt\u00e1s LinkedIn\" href='https:\/\/linkedin.com\/shareArticle?mini=true&#038;title=Kapcsolat&#038;url=https:\/\/nagykanizsa.reformatus.hu\/?page_id=37' aria-hidden='false' data-av_icon='\ue8fc' data-av_iconfont='entypo-fontello' title='' data-avia-related-tooltip='Megoszt\u00e1s LinkedIn' rel=\"noopener\"><span class='avia_hidden_link_text'>Megoszt\u00e1s LinkedIn<\/span><\/a><\/li><li class='av-share-link av-social-link-mail' ><a  aria-label=\"Megoszt\u00e1s emailben\" href='mailto:?subject=Kapcsolat&#038;body=https:\/\/nagykanizsa.reformatus.hu\/?page_id=37' aria-hidden='false' data-av_icon='\ue805' data-av_iconfont='entypo-fontello' title='' data-avia-related-tooltip='Megoszt\u00e1s emailben'><span class='avia_hidden_link_text'>Megoszt\u00e1s emailben<\/span><\/a><\/li><\/ul><\/div><\/div>\n","protected":false},"excerpt":{"rendered":"","protected":false},"author":1,"featured_media":0,"parent":0,"menu_order":10,"comment_status":"closed","ping_status":"closed","template":"","meta":{"footnotes":""},"class_list":["post-37","page","type-page","status-publish","hentry"],"_links":{"self":[{"href":"https:\/\/nagykanizsa.reformatus.hu\/index.php?rest_route=\/wp\/v2\/pages\/37","targetHints":{"allow":["GET"]}}],"collection":[{"href":"https:\/\/nagykanizsa.reformatus.hu\/index.php?rest_route=\/wp\/v2\/pages"}],"about":[{"href":"https:\/\/nagykanizsa.reformatus.hu\/index.php?rest_route=\/wp\/v2\/types\/page"}],"author":[{"embeddable":true,"href":"https:\/\/nagykanizsa.reformatus.hu\/index.php?rest_route=\/wp\/v2\/users\/1"}],"replies":[{"embeddable":true,"href":"https:\/\/nagykanizsa.reformatus.hu\/index.php?rest_route=%2Fwp%2Fv2%2Fcomments&post=37"}],"version-history":[{"count":6,"href":"https:\/\/nagykanizsa.reformatus.hu\/index.php?rest_route=\/wp\/v2\/pages\/37\/revisions"}],"predecessor-version":[{"id":168,"href":"https:\/\/nagykanizsa.reformatus.hu\/index.php?rest_route=\/wp\/v2\/pages\/37\/revisions\/168"}],"wp:attachment":[{"href":"https:\/\/nagykanizsa.reformatus.hu\/index.php?rest_route=%2Fwp%2Fv2%2Fmedia&parent=37"}],"curies":[{"name":"wp","href":"https:\/\/api.w.org\/{rel}","templated":true}]}}