{"id":29,"date":"2021-07-28T14:08:09","date_gmt":"2021-07-28T14:08:09","guid":{"rendered":"https:\/\/nagykanizsa.reformatus.hu\/?page_id=29"},"modified":"2021-08-24T12:56:51","modified_gmt":"2021-08-24T12:56:51","slug":"alapitvany","status":"publish","type":"page","link":"https:\/\/nagykanizsa.reformatus.hu\/?page_id=29","title":{"rendered":"Alap\u00edtv\u00e1ny"},"content":{"rendered":"\n<style type=\"text\/css\" data-created_by=\"avia_inline_auto\" id=\"style-css-av-ksq2kq1v-808f0e4e8aaa70d9a3d238512c704be3\">\n#top .av-special-heading.av-ksq2kq1v-808f0e4e8aaa70d9a3d238512c704be3{\npadding-bottom:10px;\n}\n<\/style>\n<div  class='av-special-heading av-ksq2kq1v-808f0e4e8aaa70d9a3d238512c704be3 av-special-heading-h2  avia-builder-el-0  el_before_av_hr  avia-builder-el-first  '><h2 class='av-special-heading-tag '  itemprop=\"headline\"  >Nagykanizsai Reform\u00e1tus Gy\u00fclekezet\u00e9rt Alap\u00edtv\u00e1ny<\/h2><div class='special-heading-border'><div class='special-heading-inner-border'><\/div><\/div><\/div>\n\n<style type=\"text\/css\" data-created_by=\"avia_inline_auto\" id=\"style-css-av-2keet-059a36cd251d428c4ee8e1c16895a173\">\n#top .hr.hr-invisible.av-2keet-059a36cd251d428c4ee8e1c16895a173{\nheight:50px;\n}\n<\/style>\n<div  class='hr av-2keet-059a36cd251d428c4ee8e1c16895a173 hr-invisible  avia-builder-el-1  el_after_av_heading  el_before_av_one_half  '><span class='hr-inner '><span class=\"hr-inner-style\"><\/span><\/span><\/div>\n<div class='flex_column av-1z41x-eb83a5de9ba5e31fd23f7ebef460de98 av_one_half  avia-builder-el-2  el_after_av_hr  el_before_av_one_half  first flex_column_div '   ><section class=\"av_textblock_section \"  itemscope=\"itemscope\" itemtype=\"https:\/\/schema.org\/CreativeWork\" ><div class='avia_textblock  '   itemprop=\"text\" ><p><strong>T\u00e1mogassa ad\u00f3ja 1%-nak felaj\u00e1nl\u00e1s\u00e1val alap\u00edtv\u00e1nyunkat!<\/strong><\/p>\n<p>Az elm\u00falt \u00e9vekben Magyarorsz\u00e1g ad\u00f3z\u00f3inak csak 40%-a \u00e9lt azzal a lehet\u0151s\u00e9ggel, hogy ad\u00f3ja 1 %-\u00e1val egy \u00e1ltala v\u00e1lasztott szervezetet t\u00e1mogasson.<\/p>\n<p>\u00d6n d\u00f6nthet arr\u00f3l, hogy a befizetett ad\u00f3j\u00e1nak 1 %-val, melyik alap\u00edtv\u00e1nyt t\u00e1mogatja. A Nagykanizsai Reform\u00e1tus Gy\u00fclekezet\u00e9rt Alap\u00edtv\u00e1ny m\u00e1r \u00e9vek \u00f3ta nagy h\u0171s\u00e9ggel v\u00e9gzi a t\u00e1rsadalom felemelked\u00e9s\u00e9\u00e9rt munk\u00e1j\u00e1t. Szervezz\u00fck \u00e9vr\u0151l \u00e9vre \u00a0Nagykanizs\u00e1n a sokak \u00e1ltal kedvelt Kanizsai Est\u00e9ket, t\u00e1mogattunk r\u00e1szorult di\u00e1kokat, t\u00e1boroz\u00f3 gyermekeket, hat\u00e1ront\u00fali testv\u00e9reket, \u00e9s \u00a0hozz\u00e1j\u00e1rultunk a Nagykanizsa Megyei Jog\u00fa V\u00e1ros kultur\u00e1lis \u00f6r\u00f6ks\u00e9g\u00e9hez tartoz\u00f3 reform\u00e1tus templom \u00e9s \u00e9p\u00fcleteinek \u00e1llagmeg\u00f3v\u00e1s\u00e1hoz.<\/p>\n<p>K\u00e9rem t\u00e1mogassa a Nagykanizsai Reform\u00e1tus Gy\u00fclekezet\u00e9rt Alap\u00edtv\u00e1ny \u00e9rt\u00e9kment\u0151 szolg\u00e1lat\u00e1t \u00e9s munk\u00e1j\u00e1t!<\/p>\n<p>\u00c9ljen ezzel a jog\u00e1val, \u00e9s cselekedjen!<br \/>\nK\u00f6sz\u00f6nj\u00fck!<\/p>\n<\/div><\/section><\/div><div class='flex_column av-1a6it-8d1ce51bdc4b6d84442ca5a8146a46ab av_one_half  avia-builder-el-4  el_after_av_one_half  el_before_av_hr  flex_column_div '   ><section class=\"av_textblock_section \"  itemscope=\"itemscope\" itemtype=\"https:\/\/schema.org\/CreativeWork\" ><div class='avia_textblock  '   itemprop=\"text\" ><p>N\u00e9v: <strong>Nagykanizsai Reform\u00e1tus Gy\u00fclekezet\u00e9rt Alap\u00edtv\u00e1ny<\/strong><\/p>\n<p>Ad\u00f3sz\u00e1m: <strong>18951499 \u2013 1 \u2013 20<\/strong><\/p>\n<p>Banksz\u00e1mlasz\u00e1munk: \u00a0<strong>11749015 \u2013 20032740<\/strong><\/p>\n<p>A kit\u00f6ltend\u0151 nyilatkozat let\u00f6lthet\u0151 az al\u00e1bbi linkr\u0151l:<\/p>\n<p><strong><a href=\"http:\/\/www.reformatus.hu\/egyszazalek\/p\/felajanlasi_nyilatkozat.pdf\">http:\/\/www.reformatus.hu\/egyszazalek\/p\/felajanlasi_nyilatkozat.pdf<\/a><\/strong><\/p>\n<p>Ha seg\u00edthet\u00fcnk, k\u00e9rem keressen benn\u00fcnket bizalommal.<\/p>\n<p><a href=\"http:\/\/www.reformatuskanizsa.hu\/\">www.reformatuskanizsa.hu<\/a><\/p>\n<p>kanizsaicsalad@gmail.com<\/p>\n<p>Mobil: +36\/30\/6309130<\/p>\n<\/div><\/section><\/div>\n<style type=\"text\/css\" data-created_by=\"avia_inline_auto\" id=\"style-css-av-ksq2mgjf-b58d35bfad4027f1e87b6a37653ace55\">\n#top .hr.hr-invisible.av-ksq2mgjf-b58d35bfad4027f1e87b6a37653ace55{\nheight:50px;\n}\n<\/style>\n<div  class='hr av-ksq2mgjf-b58d35bfad4027f1e87b6a37653ace55 hr-invisible  avia-builder-el-6  el_after_av_one_half  el_before_av_social_share  '><span class='hr-inner '><span class=\"hr-inner-style\"><\/span><\/span><\/div><\/p>\n<div  class='av-social-sharing-box av-social-sharing-box-default   avia-builder-el-7  el_after_av_hr  avia-builder-el-last  av-social-sharing-box-fullwidth '><div class=\"av-share-box\"><h5 class='av-share-link-description av-no-toc '>Megoszt\u00e1s<\/h5><ul class=\"av-share-box-list noLightbox\"><li class='av-share-link av-social-link-facebook' ><a target=\"_blank\" aria-label=\"Megoszt\u00e1s Facebook\" href='https:\/\/www.facebook.com\/sharer.php?u=https:\/\/nagykanizsa.reformatus.hu\/?page_id=29&#038;t=Alap%C3%ADtv%C3%A1ny' aria-hidden='false' data-av_icon='\ue8f3' data-av_iconfont='entypo-fontello' title='' data-avia-related-tooltip='Megoszt\u00e1s Facebook' rel=\"noopener\"><span class='avia_hidden_link_text'>Megoszt\u00e1s Facebook<\/span><\/a><\/li><li class='av-share-link av-social-link-twitter' ><a target=\"_blank\" aria-label=\"Megoszt\u00e1s Twitter\" href='https:\/\/twitter.com\/share?text=Alap%C3%ADtv%C3%A1ny&#038;url=https:\/\/nagykanizsa.reformatus.hu\/?p=29' aria-hidden='false' data-av_icon='\ue8f1' data-av_iconfont='entypo-fontello' title='' data-avia-related-tooltip='Megoszt\u00e1s Twitter' rel=\"noopener\"><span class='avia_hidden_link_text'>Megoszt\u00e1s Twitter<\/span><\/a><\/li><li class='av-share-link av-social-link-whatsapp' ><a target=\"_blank\" aria-label=\"Share on WhatsApp\" href='https:\/\/api.whatsapp.com\/send?text=https:\/\/nagykanizsa.reformatus.hu\/?page_id=29' aria-hidden='false' data-av_icon='\uf232' data-av_iconfont='entypo-fontello' title='' data-avia-related-tooltip='Share on WhatsApp' rel=\"noopener\"><span class='avia_hidden_link_text'>Share on WhatsApp<\/span><\/a><\/li><li class='av-share-link av-social-link-linkedin' ><a target=\"_blank\" aria-label=\"Megoszt\u00e1s LinkedIn\" href='https:\/\/linkedin.com\/shareArticle?mini=true&#038;title=Alap%C3%ADtv%C3%A1ny&#038;url=https:\/\/nagykanizsa.reformatus.hu\/?page_id=29' aria-hidden='false' data-av_icon='\ue8fc' data-av_iconfont='entypo-fontello' title='' data-avia-related-tooltip='Megoszt\u00e1s LinkedIn' rel=\"noopener\"><span class='avia_hidden_link_text'>Megoszt\u00e1s LinkedIn<\/span><\/a><\/li><li class='av-share-link av-social-link-mail' ><a  aria-label=\"Megoszt\u00e1s emailben\" href='mailto:?subject=Alap%C3%ADtv%C3%A1ny&#038;body=https:\/\/nagykanizsa.reformatus.hu\/?page_id=29' aria-hidden='false' data-av_icon='\ue805' data-av_iconfont='entypo-fontello' title='' data-avia-related-tooltip='Megoszt\u00e1s emailben'><span class='avia_hidden_link_text'>Megoszt\u00e1s emailben<\/span><\/a><\/li><\/ul><\/div><\/div>\n","protected":false},"excerpt":{"rendered":"","protected":false},"author":1,"featured_media":0,"parent":0,"menu_order":6,"comment_status":"closed","ping_status":"closed","template":"","meta":{"footnotes":""},"class_list":["post-29","page","type-page","status-publish","hentry"],"_links":{"self":[{"href":"https:\/\/nagykanizsa.reformatus.hu\/index.php?rest_route=\/wp\/v2\/pages\/29","targetHints":{"allow":["GET"]}}],"collection":[{"href":"https:\/\/nagykanizsa.reformatus.hu\/index.php?rest_route=\/wp\/v2\/pages"}],"about":[{"href":"https:\/\/nagykanizsa.reformatus.hu\/index.php?rest_route=\/wp\/v2\/types\/page"}],"author":[{"embeddable":true,"href":"https:\/\/nagykanizsa.reformatus.hu\/index.php?rest_route=\/wp\/v2\/users\/1"}],"replies":[{"embeddable":true,"href":"https:\/\/nagykanizsa.reformatus.hu\/index.php?rest_route=%2Fwp%2Fv2%2Fcomments&post=29"}],"version-history":[{"count":5,"href":"https:\/\/nagykanizsa.reformatus.hu\/index.php?rest_route=\/wp\/v2\/pages\/29\/revisions"}],"predecessor-version":[{"id":163,"href":"https:\/\/nagykanizsa.reformatus.hu\/index.php?rest_route=\/wp\/v2\/pages\/29\/revisions\/163"}],"wp:attachment":[{"href":"https:\/\/nagykanizsa.reformatus.hu\/index.php?rest_route=%2Fwp%2Fv2%2Fmedia&parent=29"}],"curies":[{"name":"wp","href":"https:\/\/api.w.org\/{rel}","templated":true}]}}