{"id":27,"date":"2021-07-28T14:07:59","date_gmt":"2021-07-28T14:07:59","guid":{"rendered":"https:\/\/nagykanizsa.reformatus.hu\/?page_id=27"},"modified":"2021-08-24T12:51:56","modified_gmt":"2021-08-24T12:51:56","slug":"szeretetszolgalat","status":"publish","type":"page","link":"https:\/\/nagykanizsa.reformatus.hu\/?page_id=27","title":{"rendered":"Szeretetszolg\u00e1lat"},"content":{"rendered":"<div id='full_slider_1'  class='avia-fullwidth-slider main_color avia-shadow   avia-builder-el-0  el_before_av_heading  avia-builder-el-first   container_wrap sidebar_right'  ><div   data-size='no scaling'  data-lightbox_size='large'  data-animation='slide'  data-conditional_play=''  data-ids='144'  data-video_counter='0'  data-autoplay='false'  data-bg_slider='false'  data-slide_height=''  data-handle='av_slideshow_full'  data-interval='5'  data-class=' '  data-el_id=''  data-css_id=''  data-scroll_down=''  data-control_layout='av-control-default'  data-custom_markup=''  data-perma_caption=''  data-autoplay_stopper=''  data-image_attachment=''  data-min_height='0px'  data-lazy_loading='disabled'  data-src=''  data-position='top left'  data-repeat='no-repeat'  data-attach='scroll'  data-stretch=''  data-img_scrset=''  class='avia-slideshow avia-slideshow-1  av-control-default av-default-height-applied avia-slideshow-no scaling av_slideshow_full   avia-slide-slider '  itemprop=\"image\" itemscope=\"itemscope\" itemtype=\"https:\/\/schema.org\/ImageObject\" ><ul class='avia-slideshow-inner ' style='padding-bottom: 37.6953125%;' ><li  class=' av-single-slide slide-1 ' ><div data-rel='slideshow-1' class='avia-slide-wrap '   ><img decoding=\"async\" class=\"wp-image-144 avia-img-lazy-loading-not-144\"  src=\"https:\/\/nagykanizsa.reformatus.hu\/wp-content\/uploads\/2021\/08\/szeretetszolgalat.jpg\" width=\"512\" height=\"193\" title='szeretetszolgalat' alt=''  itemprop=\"thumbnailUrl\" srcset=\"https:\/\/nagykanizsa.reformatus.hu\/wp-content\/uploads\/2021\/08\/szeretetszolgalat.jpg 512w, https:\/\/nagykanizsa.reformatus.hu\/wp-content\/uploads\/2021\/08\/szeretetszolgalat-300x113.jpg 300w\" sizes=\"(max-width: 512px) 100vw, 512px\" \/><\/div><\/li><\/ul><\/div><\/div><div id='after_full_slider_1'  class='main_color av_default_container_wrap container_wrap sidebar_right'  ><div class='container av-section-cont-open' ><div class='template-page content  av-content-small alpha units'><div class='post-entry post-entry-type-page post-entry-27'><div class='entry-content-wrapper clearfix'>\n\n<style type=\"text\/css\" data-created_by=\"avia_inline_auto\" id=\"style-css-av-ksq1tffa-1d9388f52b64acfd6cb483772c605cb1\">\n#top .av-special-heading.av-ksq1tffa-1d9388f52b64acfd6cb483772c605cb1{\npadding-bottom:10px;\n}\n<\/style>\n<div  class='av-special-heading av-ksq1tffa-1d9388f52b64acfd6cb483772c605cb1 av-special-heading-h2  avia-builder-el-1  el_after_av_slideshow_full  el_before_av_hr  avia-builder-el-first  '><h2 class='av-special-heading-tag '  itemprop=\"headline\"  >Szeretetszolg\u00e1lat<\/h2><div class='special-heading-border'><div class='special-heading-inner-border'><\/div><\/div><\/div>\n\n<style type=\"text\/css\" data-created_by=\"avia_inline_auto\" id=\"style-css-av-ksq1tmc6-2512085042c42f5a62391c1a2e7f0865\">\n#top .hr.hr-invisible.av-ksq1tmc6-2512085042c42f5a62391c1a2e7f0865{\nheight:25px;\n}\n<\/style>\n<div  class='hr av-ksq1tmc6-2512085042c42f5a62391c1a2e7f0865 hr-invisible  avia-builder-el-2  el_after_av_heading  el_before_av_one_half  '><span class='hr-inner '><span class=\"hr-inner-style\"><\/span><\/span><\/div>\n<div class='flex_column av-1bxpr-6d84eb7a1a50963884421ca11f619a2c av_one_half  avia-builder-el-3  el_after_av_hr  el_before_av_one_half  first flex_column_div '   ><p><section class=\"av_textblock_section \"  itemscope=\"itemscope\" itemtype=\"https:\/\/schema.org\/CreativeWork\" ><div class='avia_textblock  '   itemprop=\"text\" ><p><strong>\u201eMert \u00e9heztem, \u00e9s ennem adtatok, szomjaztam, \u00e9s innom adtatok, j\u00f6vev\u00e9ny voltam, \u00e9s befogadtatok, mez\u00edtelen voltam, \u00e9s felruh\u00e1ztatok, beteg voltam, \u00e9s megl\u00e1togattatok, b\u00f6rt\u00f6nben voltam, \u00e9s elj\u00f6ttetek hozz\u00e1m\u2026 A kir\u00e1ly \u00edgy felel majd nekik: Bizony, mondom n\u00e9ktek, amikor megtett\u00e9tek ezeket ak\u00e1rcsak eggyel is a legkisebb aty\u00e1mfiai k\u00f6z\u00fcl, velem tett\u00e9tek meg.\u201d( M\u00e1t\u00e9 25. 35-40.)<\/strong><\/p>\n<p>Kedves L\u00e1togat\u00f3!<\/p>\n<p>Nagy \u00f6r\u00f6mmel adjuk h\u00edr\u00fcl, hogy 2013. szeptember\u00e9ben megalakult a Nagykanizsai Reform\u00e1tus Szeretetszolg\u00e1lat.\u00a0B\u00e1r eddig is v\u00e9gzett a gy\u00fclekezet\u00fcnk ilyen szolg\u00e1latokat, de a j\u00f6v\u0151ben szeretn\u00e9nk ezt \u00f6sszefogva, t\u00f6bb t\u00e1mogat\u00f3 bevon\u00e1s\u00e1val, \u00e9s sz\u00e9lesebb tev\u00e9kenys\u00e9gi ter\u00fcletet lefedve v\u00e9gezni.<\/p>\n<p>C\u00e9lunk: meg\u00e1ll\u00edtani a t\u00e1rsadalmi elidegened\u00e9s folyamat\u00e1t, illetve meger\u0151s\u00edteni a t\u00e1rsadalmi koh\u00e9zi\u00f3t; sz\u0171kebb, t\u00e1gabb k\u00f6rnyezet\u00fcnkben. Szeretn\u00e9nk a j\u00f3cselekedeteket h\u00eddk\u00e9nt k\u00f6zvet\u00edteni; \u00f6nzetlen felaj\u00e1nl\u00f3t\u00f3l a h\u00e1l\u00e1s r\u00e1szorul\u00f3ig.<\/p>\n<p>A szeretetszolg\u00e1lat seg\u00edts\u00e9g\u00e9vel mindny\u00e1junknak lehet\u0151s\u00e9ge ad\u00f3dik meg\u00e9lni hit\u00fcnk gyakorlati r\u00e9sz\u00e9t.\u00a0 Elm\u00e9letben k\u00f6nny\u0171 szeretni felebar\u00e1tainkat, megosztani vel\u00fck a mindennapi betev\u0151nket, lemondani a javukra egy r\u00e9gi, kedves t\u00e1rgyunkr\u00f3l; a val\u00f3s\u00e1gban ez m\u00e1r egy nagyobb kih\u00edv\u00e1s. Az \u00f6nzetlens\u00e9get gyakorolni kell, min\u00e9l t\u00f6bbet pr\u00f3b\u00e1lgatjuk, ann\u00e1l jobban r\u00e9sz\u00e9v\u00e9 v\u00e1lik az \u00e9let\u00fcnknek! \u201eAz aj\u00e1nd\u00e9koz\u00f3 b\u0151velkedik, \u00e9s aki m\u00e1st fel\u00fcd\u00edt, maga is fel\u00fcd\u00fcl.\u201d (P\u00e9ldabesz\u00e9dek, 11.25.)<\/p>\n<p>Hiszem, hogy azok, akik ki\u00e1br\u00e1ndultak napjaink vil\u00e1g\u00e1b\u00f3l, hozz\u00e1nk csatlakozva megtapasztalhatj\u00e1k, vannak m\u00e9g j\u00f3 emberek k\u00f6z\u00f6tt\u00fcnk. Az \u00dar J\u00e9zus ir\u00e1nti szeretetb\u0151l kezdj\u00fcnk el t\u00f6r\u0151dni azokkal, akik k\u00f6r\u00fcl\u00f6tt\u00fcnk \u00e9lnek, \u00e9s vegy\u00fck \u00e9szre, ha seg\u00edts\u00e9gre van sz\u00fcks\u00e9g\u00fck, ez\u00e1ltal alkalmunk ad\u00f3dik megtapasztalni egy-egy h\u00e1l\u00e1s pillant\u00e1s var\u00e1zs\u00e1t, erej\u00e9t! Tal\u00e1n a saj\u00e1t jobb sorsunkra is r\u00e1\u00e9bredhet\u00fcnk. Milyen szerencs\u00e9sek vagyunk, hogy tudunk mib\u0151l adni.\u00a0 Itt nem csak az anyagi javakra kell gondolni. Egy \u00f6lel\u00e9s, egy besz\u00e9lget\u00e9s, egy k\u00f6z\u00f6s ima csod\u00e1kra k\u00e9pes. Mindenki tud valamit adni. Egy mosoly nem ker\u00fcl semmibe, m\u00e9gis milyen \u00e9rt\u00e9kes lehet annak, aki erre v\u00e1gyik, akinek ezt kell n\u00e9lk\u00fcl\u00f6znie. Saj\u00e1t tapasztalatomb\u00f3l mondom. Ne hagyjuk, hogy a k\u00f6z\u00f6ny uralkodj\u00e9k \u00e9let\u00fcnk\u00f6n.<\/p>\n<p>Szeretetszolg\u00e1latunk m\u0171k\u00f6d\u00e9s\u00e9nek kereteit rugalmasan alak\u00edtjuk; az aktualit\u00e1sok szerint. A szolg\u00e1lat seg\u00edt\u0151i, t\u00e1mogat\u00f3i tal\u00e1lkoz\u00f3kat szerveznek, ahol a felmer\u00fcl\u0151 probl\u00e9m\u00e1k, \u00f6tletek, javaslatok alapj\u00e1n alakulnak ki a konkr\u00e9t feladatok, megold\u00e1si tervek. Folyamatosan keress\u00fck a neh\u00e9z helyzetben \u00e9l\u0151 csal\u00e1dokat, felm\u00e9rj\u00fck sz\u00fcks\u00e9gleteiket, ennek alapj\u00e1n igyeksz\u00fcnk t\u00e1mogat\u00e1st ny\u00fajtani. Nagyon v\u00e1ltozatos a szolg\u00e1lati munk\u00e1nk: n\u00e9ha csak egy kis besz\u00e9lget\u00e9s a mag\u00e1nyos, beteg testv\u00e9reinkkel (ak\u00e1r int\u00e9zm\u00e9nyben, ak\u00e1r otthon), vagy egy k\u00f6z\u00f6s s\u00e9ta, ima, de el\u0151fordul, hogy \u00e9pp a havat kell ellap\u00e1tolni. M\u00e1skor a munkahelykeres\u00e9st t\u00e1mogatjuk, adom\u00e1nyokat gy\u0171jt\u00fcnk, tov\u00e1bb\u00edtunk\u2026., \u00e9s m\u00e9g sorolhatn\u00e1m tov\u00e1bb, de a l\u00e9nyeg; hogy ak\u00e1rmit is tesz\u00fcnk, j\u00f3 sz\u00edvvel, vid\u00e1man \u00e9s \u00f6nzetlen\u00fcl tessz\u00fck. Nyitott szemmel j\u00e1runk a vil\u00e1gban. Egy\u00fctt\u00e9rz\u00e9ssel megl\u00e1tjuk a sz\u0171ks\u00e9get, \u00e9s k\u00f6z\u00f6sen felkutatjuk a megold\u00e1st.<\/p>\n<p>Tov\u00e1bb\u00e1 megteremtett\u00fck a szeretetszolg\u00e1lat m\u0171k\u00f6d\u00e9s\u00e9hez sz\u00fcks\u00e9ges p\u00e9nz\u00fcgyi forr\u00e1sok alapjait, lehet\u0151s\u00e9geit. Kezdeti l\u00e9p\u00e9sk\u00e9nt irat-, k\u00f6nyvmisszi\u00f3s tev\u00e9kenys\u00e9get ind\u00edtottuk, majd kihelyezt\u00fcnk egy postal\u00e1d\u00e1t a templomban, ahol a gy\u00fclekezet k\u00e9r\u00e9seit, \u00f6tleteit \u00e9s felaj\u00e1nl\u00e1sait fogadjuk.<\/p>\n<p>H\u00e1l\u00e1s sz\u00edvvel k\u00f6sz\u00f6n\u00f6m meg azoknak a seg\u00edts\u00e9g\u00e9t, t\u00e1mogat\u00e1s\u00e1t, akik valamilyen form\u00e1ban hozz\u00e1j\u00e1rultak, hozz\u00e1j\u00e1rulnak a szeretetszolg\u00e1lat tev\u00e9kenys\u00e9g\u00e9hez. Munk\u00e1juk n\u00e9lk\u00fcl az eddig \u00f6sszegy\u0171jt\u00f6tt adom\u00e1nyok csak \u00e9rt\u00e9ktelen\u00fcl hevern\u00e9nek valamelyik padl\u00e1son, pinc\u00e9ben vagy egy szekr\u00e9ny m\u00e9ly\u00e9n \u2013 most pedig m\u00e1sok sz\u00e1m\u00e1ra hasznos, \u00e9rt\u00e9kes- ruhanem\u0171k, b\u00fatorok, h\u00e1ztart\u00e1si g\u00e9pek lettek.<\/p>\n<p>B\u00fcszke vagyok arra a p\u00e9lda\u00e9rt\u00e9k\u0171 \u00f6sszefog\u00e1sra, amit az elm\u00falt h\u00f3napok alatt tapasztalhattam a gy\u00fclekezet \u00e9s a presbit\u00e9rium r\u00e9sz\u00e9r\u0151l. Id\u0151sek, fiatalok, betegek egyar\u00e1nt jelentkeztek, hogy r\u00e9szt k\u00edv\u00e1nnak venni az el\u0151tt\u00fcnk \u00e1ll\u00f3 feladatokban. Ennek a csod\u00e1latos lelkesed\u00e9snek, tenni akar\u00e1snak az eredm\u00e9nyek\u00e9nt nagyon sok r\u00e1szorul\u00f3t tudtunk patron\u00e1lni.<\/p>\n<p>Bemutatkoz\u00e1sunk v\u00e9g\u00e9n megk\u00f6sz\u00f6n\u00f6m Hella Ferenc lelk\u00e9sz \u00farnak, hogy a gy\u00fclekezet\u00fcnk sz\u00edv\u00e9re helyezte ezt az \u00e1ldott k\u00fcldet\u00e9st.<\/p>\n<p>Mennyei Aty\u00e1nk! K\u00f6sz\u00f6n\u00f6m, hogy a szeretetszolg\u00e1latunkat, mint j\u00f3 p\u00e1sztor, \u0151rz\u00f6d \u00e9s v\u00e9ded. K\u00f6sz\u00f6n\u00f6m, hogy a hozz\u00e1nk \u00e9rkez\u0151 k\u00e9r\u00e9sek nyitott sz\u00edvekre tal\u00e1lnak. K\u00e9rlek, Szentlelkeddel tov\u00e1bbra is mutasd nek\u00fcnk a helyes utat, \u00e9s \u00e1ldd meg tetteinket, \u00e9let\u00fcnket. Hiszem, hogy minden nappal egyre t\u00f6bb \u00f6nzetlen seg\u00edt\u0151nk, t\u00e1mogat\u00f3nk lesz. \u00c1men.<\/p>\n<p>Isten gazdag \u00e1ld\u00e1s\u00e1t k\u00e9rve \u00e9let\u00fcnkre, a\u00a0\u00a0szeretetszolg\u00e1latot v\u00e9gz\u0151 k\u00f6z\u00f6ss\u00e9g nev\u00e9ben:<\/p>\n<p>Ga\u00e1l \u00c9va<\/p>\n<\/div><\/section><br \/>\n\n<style type=\"text\/css\" data-created_by=\"avia_inline_auto\" id=\"style-css-av-16ntn-8df975a174500c8f30d8c0e9148603e3\">\n#top .hr.hr-invisible.av-16ntn-8df975a174500c8f30d8c0e9148603e3{\nheight:50px;\n}\n<\/style>\n<div  class='hr av-16ntn-8df975a174500c8f30d8c0e9148603e3 hr-invisible  avia-builder-el-5  el_after_av_textblock  el_before_av_textblock  '><span class='hr-inner '><span class=\"hr-inner-style\"><\/span><\/span><\/div><br \/>\n<section class=\"av_textblock_section \"  itemscope=\"itemscope\" itemtype=\"https:\/\/schema.org\/CreativeWork\" ><div class='avia_textblock  '   itemprop=\"text\" ><h3>Hogyan t\u00e1mogathatod a szolg\u00e1latunkat?<\/h3>\n<hr \/>\n<p><strong>\u201eAki megsz\u00e1nja a szeg\u00e9nyt, az \u00darnak ad k\u00f6lcs\u00f6n, \u00e9s \u0151 megfizeti a j\u00f3t\u00e9tem\u00e9ny\u00e9t.\u201d (P\u00e9ld 19.17)<\/strong><\/p>\n<p>A Nagykanizsai Reform\u00e1tus Szeretetszolg\u00e1latot t\u00e1mogathatja:<\/p>\n<ul>\n<li>imaszolg\u00e1lattal,<\/li>\n<li>\u00f6tletekkel, javaslatokkal,<\/li>\n<li>fizikai tev\u00e9kenys\u00e9gekben val\u00f3 r\u00e9szv\u00e9tellel (l\u00e1togat\u00e1s, t\u00fczel\u0151anyag behord\u00e1s, adom\u00e1nygy\u0171jt\u00e9s,- sz\u00e1ll\u00edt\u00e1s \u2026),<\/li>\n<li>t\u00e1rgyi felaj\u00e1nl\u00e1sokkal,<\/li>\n<li>p\u00e9nzadom\u00e1nyokkal. (Banksz\u00e1mlasz\u00e1munk: 10918001-00000019-25170005 Unicredit Bank, vagy csekken: Nagykanizsai Reform\u00e1tus Egyh\u00e1zk\u00f6zs\u00e9g, Nagykanizsa, K\u00e1lvin t\u00e9r 1. K\u00e9rj\u00fck, hogy a m\u0171k\u00f6d\u00e9s\u00fcnket t\u00e1mogat\u00f3 adom\u00e1nyokhoz megjegyz\u00e9sk\u00e9nt a \u201ediak\u00f3nia\u201d sz\u00f3t legyenek kedvesek be\u00edrni.)<\/li>\n<\/ul>\n<p>Minden t\u00e1mogat\u00e1st h\u00e1l\u00e1s sz\u00edvvel k\u00f6sz\u00f6n\u00fcnk a r\u00e1szorul\u00f3k nev\u00e9ben.<\/p>\n<p><strong>\u201ea j\u00f3kedv\u0171 adakoz\u00f3t szereti az Isten\u201d. (2Kor 9.6-7)<\/strong><\/p>\n<\/div><\/section><\/p><\/div>\n<div class='flex_column av-ywqf-9343d7f70fe254551ce910c664f75bc9 av_one_half  avia-builder-el-7  el_after_av_one_half  el_before_av_hr  flex_column_div '   ><section class=\"av_textblock_section \"  itemscope=\"itemscope\" itemtype=\"https:\/\/schema.org\/CreativeWork\" ><div class='avia_textblock  '   itemprop=\"text\" ><h3>El\u00e9rhet\u0151s\u00e9geink<\/h3>\n<hr \/>\n<p>A Nagykanizsai Reform\u00e1tus Szeretetszolg\u00e1latot el\u00e9rheti:<\/p>\n<ul>\n<li>szem\u00e9lyesen, a nagykanizsai reform\u00e1tus templomban (Nagykanizsa, K\u00e1lvin t\u00e9r 1.) a szeretetszolg\u00e1lati pultn\u00e1l,<\/li>\n<li>telefonon (Ga\u00e1l \u00c9va telefonsz\u00e1m\u00e1n, aki a Nagykanizsai Reform\u00e1tus Szeretetszolg\u00e1latot vezeti) 06-20-6626-452,<\/li>\n<li>e-mailben <a href=\"mailto:nagykanizsai.szeretetszolgalat@gmail.com\">nagykanizsai.szeretetszolgalat(kukac)gmail.com<\/a> ,<\/li>\n<li>a Nagykanizsai Reform\u00e1tus Egyh\u00e1zk\u00f6zs\u00e9g honlapj\u00e1n kereszt\u00fcl: regi.nagykanizsa.reformatus.hu<\/li>\n<li>\u00e9s lev\u00e9lben Nagykanizsai Reform\u00e1tus Egyh\u00e1zk\u00f6zs\u00e9g 8800 Nagykanizsa, K\u00e1lvin t\u00e9r 1.<\/li>\n<\/ul>\n<\/div><\/section><br \/>\n\n<style type=\"text\/css\" data-created_by=\"avia_inline_auto\" id=\"style-css-av-t5pn-de74a6293c501211b6d36ff5c0402b8e\">\n#top .hr.hr-invisible.av-t5pn-de74a6293c501211b6d36ff5c0402b8e{\nheight:50px;\n}\n<\/style>\n<div  class='hr av-t5pn-de74a6293c501211b6d36ff5c0402b8e hr-invisible  avia-builder-el-9  el_after_av_textblock  el_before_av_textblock  '><span class='hr-inner '><span class=\"hr-inner-style\"><\/span><\/span><\/div><br \/>\n<section class=\"av_textblock_section \"  itemscope=\"itemscope\" itemtype=\"https:\/\/schema.org\/CreativeWork\" ><div class='avia_textblock  '   itemprop=\"text\" ><h3>K\u00e9rj vagy adj egyszer\u0171en!<\/h3>\n<hr \/>\n<p>T\u00f6ltsd ki az \u0171rlapot, \u00e9s a megadott el\u00e9rhet\u0151s\u00e9geiden keresni fogunk a r\u00e9szletek egyeztet\u00e9se v\u00e9gett.<\/p>\n<\/div><\/section><br \/>\n<div  class=\"tabcontainer   top_tab   avia-builder-el-11  el_after_av_textblock  avia-builder-el-last \" role=\"tablist\">\n\n<section class=\"av_tab_section\"  itemscope=\"itemscope\" itemtype=\"https:\/\/schema.org\/CreativeWork\" ><div aria-controls=\"tab-id-1-content\" role=\"tab\" tabindex=\"0\" data-fake-id=\"#tab-id-1\" class=\"tab active_tab\"  itemprop=\"headline\" >SZERETN\u00c9K FELAJ\u00c1NLANI...<\/div>\n<div id=\"tab-id-1-content\" class=\"tab_content active_tab_content\" aria-hidden=\"false\">\n<div class=\"tab_inner_content invers-color\"  itemprop=\"text\" >\n\n<div class=\"wpcf7 no-js\" id=\"wpcf7-f153-o1\" lang=\"hu-HU\" dir=\"ltr\" data-wpcf7-id=\"153\">\n<div class=\"screen-reader-response\"><p role=\"status\" aria-live=\"polite\" aria-atomic=\"true\"><\/p> <ul><\/ul><\/div>\n<form action=\"\/index.php?rest_route=%2Fwp%2Fv2%2Fpages%2F27#wpcf7-f153-o1\" method=\"post\" class=\"wpcf7-form init\" aria-label=\"Kapcsolatfelv\u00e9teli \u0171rlap\" novalidate=\"novalidate\" data-status=\"init\">\n<fieldset class=\"hidden-fields-container\"><input type=\"hidden\" name=\"_wpcf7\" value=\"153\" \/><input type=\"hidden\" name=\"_wpcf7_version\" value=\"6.1.5\" \/><input type=\"hidden\" name=\"_wpcf7_locale\" value=\"hu_HU\" \/><input type=\"hidden\" name=\"_wpcf7_unit_tag\" value=\"wpcf7-f153-o1\" \/><input type=\"hidden\" name=\"_wpcf7_container_post\" value=\"0\" \/><input type=\"hidden\" name=\"_wpcf7_posted_data_hash\" value=\"\" \/>\n<\/fieldset>\n<p><label> N\u00e9v<br \/>\n<span class=\"wpcf7-form-control-wrap\" data-name=\"nev\"><input size=\"40\" maxlength=\"400\" class=\"wpcf7-form-control wpcf7-text wpcf7-validates-as-required\" aria-required=\"true\" aria-invalid=\"false\" value=\"\" type=\"text\" name=\"nev\" \/><\/span> <\/label>\n<\/p>\n<p><label> E-mail c\u00edm<br \/>\n<span class=\"wpcf7-form-control-wrap\" data-name=\"email\"><input size=\"40\" maxlength=\"400\" class=\"wpcf7-form-control wpcf7-email wpcf7-validates-as-required wpcf7-text wpcf7-validates-as-email\" aria-required=\"true\" aria-invalid=\"false\" value=\"\" type=\"email\" name=\"email\" \/><\/span> <\/label>\n<\/p>\n<p><label> Telefonsz\u00e1m<br \/>\n<span class=\"wpcf7-form-control-wrap\" data-name=\"telefon\"><input size=\"40\" maxlength=\"400\" class=\"wpcf7-form-control wpcf7-text wpcf7-validates-as-required\" aria-required=\"true\" aria-invalid=\"false\" value=\"\" type=\"text\" name=\"telefon\" \/><\/span> <\/label>\n<\/p>\n<p><label> Mit tudn\u00e1l felaj\u00e1nlani a r\u00e1szorul\u00f3knak?<br \/>\n<span class=\"wpcf7-form-control-wrap\" data-name=\"felajanlas\"><textarea cols=\"40\" rows=\"10\" maxlength=\"2000\" class=\"wpcf7-form-control wpcf7-textarea\" aria-invalid=\"false\" name=\"felajanlas\"><\/textarea><\/span> <\/label>\n<\/p>\n<p><input class=\"wpcf7-form-control wpcf7-submit has-spinner\" type=\"submit\" value=\"ELK\u00dcLD\u00c9S\" \/>\n<\/p><div class=\"wpcf7-response-output\" aria-hidden=\"true\"><\/div>\n<\/form>\n<\/div>\n\n\n<\/div>\n<\/div>\n<\/section>\n\n<section class=\"av_tab_section\"  itemscope=\"itemscope\" itemtype=\"https:\/\/schema.org\/CreativeWork\" ><div aria-controls=\"tab-id-2-content\" role=\"tab\" tabindex=\"0\" data-fake-id=\"#tab-id-2\" class=\"tab \"  itemprop=\"headline\" >SZ\u00dcKS\u00c9GEM LENNE...<\/div>\n<div id=\"tab-id-2-content\" class=\"tab_content \" aria-hidden=\"true\">\n<div class=\"tab_inner_content invers-color\"  itemprop=\"text\" >\n\n<div class=\"wpcf7 no-js\" id=\"wpcf7-f157-o2\" lang=\"hu-HU\" dir=\"ltr\" data-wpcf7-id=\"157\">\n<div class=\"screen-reader-response\"><p role=\"status\" aria-live=\"polite\" aria-atomic=\"true\"><\/p> <ul><\/ul><\/div>\n<form action=\"\/index.php?rest_route=%2Fwp%2Fv2%2Fpages%2F27#wpcf7-f157-o2\" method=\"post\" class=\"wpcf7-form init\" aria-label=\"Kapcsolatfelv\u00e9teli \u0171rlap\" novalidate=\"novalidate\" data-status=\"init\">\n<fieldset class=\"hidden-fields-container\"><input type=\"hidden\" name=\"_wpcf7\" value=\"157\" \/><input type=\"hidden\" name=\"_wpcf7_version\" value=\"6.1.5\" \/><input type=\"hidden\" name=\"_wpcf7_locale\" value=\"hu_HU\" \/><input type=\"hidden\" name=\"_wpcf7_unit_tag\" value=\"wpcf7-f157-o2\" \/><input type=\"hidden\" name=\"_wpcf7_container_post\" value=\"0\" \/><input type=\"hidden\" name=\"_wpcf7_posted_data_hash\" value=\"\" \/>\n<\/fieldset>\n<p><label> N\u00e9v<br \/>\n<span class=\"wpcf7-form-control-wrap\" data-name=\"nev\"><input size=\"40\" maxlength=\"400\" class=\"wpcf7-form-control wpcf7-text wpcf7-validates-as-required\" aria-required=\"true\" aria-invalid=\"false\" value=\"\" type=\"text\" name=\"nev\" \/><\/span> <\/label>\n<\/p>\n<p><label> E-mail c\u00edm<br \/>\n<span class=\"wpcf7-form-control-wrap\" data-name=\"email\"><input size=\"40\" maxlength=\"400\" class=\"wpcf7-form-control wpcf7-email wpcf7-validates-as-required wpcf7-text wpcf7-validates-as-email\" aria-required=\"true\" aria-invalid=\"false\" value=\"\" type=\"email\" name=\"email\" \/><\/span> <\/label>\n<\/p>\n<p><label> Telefonsz\u00e1m<br \/>\n<span class=\"wpcf7-form-control-wrap\" data-name=\"telefon\"><input size=\"40\" maxlength=\"400\" class=\"wpcf7-form-control wpcf7-text wpcf7-validates-as-required\" aria-required=\"true\" aria-invalid=\"false\" value=\"\" type=\"text\" name=\"telefon\" \/><\/span> <\/label>\n<\/p>\n<p><label> Mire lenne sz\u00fcks\u00e9ged?<br \/>\n<span class=\"wpcf7-form-control-wrap\" data-name=\"keres\"><textarea cols=\"40\" rows=\"10\" maxlength=\"2000\" class=\"wpcf7-form-control wpcf7-textarea\" aria-invalid=\"false\" name=\"keres\"><\/textarea><\/span> <\/label>\n<\/p>\n<p><input class=\"wpcf7-form-control wpcf7-submit has-spinner\" type=\"submit\" value=\"ELK\u00dcLD\u00c9S\" \/>\n<\/p><div class=\"wpcf7-response-output\" aria-hidden=\"true\"><\/div>\n<\/form>\n<\/div>\n\n\n<\/div>\n<\/div>\n<\/section>\n\n<\/div>\n<\/p><\/div>\n<style type=\"text\/css\" data-created_by=\"avia_inline_auto\" id=\"style-css-av-ksq1zlq7-8473af31cfd20ca4df0218b09fbfdf75\">\n#top .hr.hr-invisible.av-ksq1zlq7-8473af31cfd20ca4df0218b09fbfdf75{\nheight:50px;\n}\n<\/style>\n<div  class='hr av-ksq1zlq7-8473af31cfd20ca4df0218b09fbfdf75 hr-invisible  avia-builder-el-12  el_after_av_one_half  el_before_av_social_share  '><span class='hr-inner '><span class=\"hr-inner-style\"><\/span><\/span><\/div><\/p>\n<div  class='av-social-sharing-box av-social-sharing-box-default   avia-builder-el-13  el_after_av_hr  avia-builder-el-last  av-social-sharing-box-fullwidth '><div class=\"av-share-box\"><h5 class='av-share-link-description av-no-toc '>Megoszt\u00e1s<\/h5><ul class=\"av-share-box-list noLightbox\"><li class='av-share-link av-social-link-facebook' ><a target=\"_blank\" aria-label=\"Megoszt\u00e1s Facebook\" href='https:\/\/www.facebook.com\/sharer.php?u=https:\/\/nagykanizsa.reformatus.hu\/?page_id=27&#038;t=Szeretetszolg%C3%A1lat' aria-hidden='false' data-av_icon='\ue8f3' data-av_iconfont='entypo-fontello' title='' data-avia-related-tooltip='Megoszt\u00e1s Facebook' rel=\"noopener\"><span class='avia_hidden_link_text'>Megoszt\u00e1s Facebook<\/span><\/a><\/li><li class='av-share-link av-social-link-twitter' ><a target=\"_blank\" aria-label=\"Megoszt\u00e1s Twitter\" href='https:\/\/twitter.com\/share?text=Szeretetszolg%C3%A1lat&#038;url=https:\/\/nagykanizsa.reformatus.hu\/?p=27' aria-hidden='false' data-av_icon='\ue8f1' data-av_iconfont='entypo-fontello' title='' data-avia-related-tooltip='Megoszt\u00e1s Twitter' rel=\"noopener\"><span class='avia_hidden_link_text'>Megoszt\u00e1s Twitter<\/span><\/a><\/li><li class='av-share-link av-social-link-whatsapp' ><a target=\"_blank\" aria-label=\"Share on WhatsApp\" href='https:\/\/api.whatsapp.com\/send?text=https:\/\/nagykanizsa.reformatus.hu\/?page_id=27' aria-hidden='false' data-av_icon='\uf232' data-av_iconfont='entypo-fontello' title='' data-avia-related-tooltip='Share on WhatsApp' rel=\"noopener\"><span class='avia_hidden_link_text'>Share on WhatsApp<\/span><\/a><\/li><li class='av-share-link av-social-link-linkedin' ><a target=\"_blank\" aria-label=\"Megoszt\u00e1s LinkedIn\" href='https:\/\/linkedin.com\/shareArticle?mini=true&#038;title=Szeretetszolg%C3%A1lat&#038;url=https:\/\/nagykanizsa.reformatus.hu\/?page_id=27' aria-hidden='false' data-av_icon='\ue8fc' data-av_iconfont='entypo-fontello' title='' data-avia-related-tooltip='Megoszt\u00e1s LinkedIn' rel=\"noopener\"><span class='avia_hidden_link_text'>Megoszt\u00e1s LinkedIn<\/span><\/a><\/li><li class='av-share-link av-social-link-mail' ><a  aria-label=\"Megoszt\u00e1s emailben\" href='mailto:?subject=Szeretetszolg%C3%A1lat&#038;body=https:\/\/nagykanizsa.reformatus.hu\/?page_id=27' aria-hidden='false' data-av_icon='\ue805' data-av_iconfont='entypo-fontello' title='' data-avia-related-tooltip='Megoszt\u00e1s emailben'><span class='avia_hidden_link_text'>Megoszt\u00e1s emailben<\/span><\/a><\/li><\/ul><\/div><\/div>\n","protected":false},"excerpt":{"rendered":"","protected":false},"author":1,"featured_media":0,"parent":0,"menu_order":5,"comment_status":"closed","ping_status":"closed","template":"","meta":{"footnotes":""},"class_list":["post-27","page","type-page","status-publish","hentry"],"_links":{"self":[{"href":"https:\/\/nagykanizsa.reformatus.hu\/index.php?rest_route=\/wp\/v2\/pages\/27","targetHints":{"allow":["GET"]}}],"collection":[{"href":"https:\/\/nagykanizsa.reformatus.hu\/index.php?rest_route=\/wp\/v2\/pages"}],"about":[{"href":"https:\/\/nagykanizsa.reformatus.hu\/index.php?rest_route=\/wp\/v2\/types\/page"}],"author":[{"embeddable":true,"href":"https:\/\/nagykanizsa.reformatus.hu\/index.php?rest_route=\/wp\/v2\/users\/1"}],"replies":[{"embeddable":true,"href":"https:\/\/nagykanizsa.reformatus.hu\/index.php?rest_route=%2Fwp%2Fv2%2Fcomments&post=27"}],"version-history":[{"count":14,"href":"https:\/\/nagykanizsa.reformatus.hu\/index.php?rest_route=\/wp\/v2\/pages\/27\/revisions"}],"predecessor-version":[{"id":143,"href":"https:\/\/nagykanizsa.reformatus.hu\/index.php?rest_route=\/wp\/v2\/pages\/27\/revisions\/143"}],"wp:attachment":[{"href":"https:\/\/nagykanizsa.reformatus.hu\/index.php?rest_route=%2Fwp%2Fv2%2Fmedia&parent=27"}],"curies":[{"name":"wp","href":"https:\/\/api.w.org\/{rel}","templated":true}]}}