{"id":194,"date":"2022-09-07T08:25:55","date_gmt":"2022-09-07T08:25:55","guid":{"rendered":"https:\/\/nagykanizsa.reformatus.hu\/?page_id=194"},"modified":"2024-02-27T20:49:28","modified_gmt":"2024-02-27T20:49:28","slug":"projektjeink","status":"publish","type":"page","link":"https:\/\/nagykanizsa.reformatus.hu\/?page_id=194","title":{"rendered":"Projektjeink"},"content":{"rendered":"<div id='av-layout-grid-1'  class='av-layout-grid-container entry-content-wrapper main_color av-flex-cells     avia-builder-el-0  el_before_av_two_third  avia-builder-el-first  container_wrap sidebar_right'  >\n<div class=\"flex_cell no_margin av_two_third  avia-builder-el-1  el_before_av_cell_one_third  avia-builder-el-first   \" ><div class='flex_cell_inner' ><section class=\"av_textblock_section \"  itemscope=\"itemscope\" itemtype=\"https:\/\/schema.org\/CreativeWork\" ><div class='avia_textblock  '   itemprop=\"text\" ><p>A P\u00e1ly\u00e1zat azonos\u00edt\u00f3 sz\u00e1ma: EKCP-KP-1-2021\/1-000108<\/p>\n<p>A t\u00e1mogat\u00e1s \u00f6sszege: 400.000 Ft<\/p>\n<p>A projekt c\u00edme: Egyh\u00e1zi k\u00f6z\u00f6ss\u00e9gi c\u00e9l\u00fa programok t\u00e1mogat\u00e1sa<\/p>\n<p>A p\u00e1ly\u00e1z\u00f3: Nagykanizsai Reform\u00e1tus Egyh\u00e1zk\u00f6zs\u00e9g<\/p>\n<p>Futamid\u0151: 2021.01.01-2022.12.31.<\/p>\n<p style=\"text-align: center;\"><strong>A Nagykanizsai Reform\u00e1tus Egyh\u00e1zk\u00f6zs\u00e9g t\u00f6bb\u00a0 gener\u00e1ci\u00f3s t\u00e1bora Nov\u00e1n a Csicserg\u0151 Szabadid\u0151k\u00f6zpontban<\/strong><\/p>\n<p class=\"verse\" style=\"text-align: justify; line-height: 150%; background: white;\"><span style=\"color: black;\">A t\u00e1bor f\u0151 t\u00e9m\u00e1ja az \u00daJRATERVEZ\u00c9S volt. A t\u00e1bor az\u00e9rt j\u00f6tt l\u00e9tre, hogy a COVID 19 \u00e1ltali bez\u00e1r\u00e1s ut\u00e1n, a v\u00edrus \u00e1ltal teremtett helyzetb\u0151l hogyan lehetne a legs\u00e9r\u00fcl\u00e9smentesebben kil\u00e1balni. A t\u00e1bor Nov\u00e1n, a Csicserg\u0151 Szabadid\u0151k\u00f6zpontban ker\u00fclt megrendez\u00e9sre. A t\u00e1borra a p\u00e1ly\u00e1zat kapcs\u00e1n 400.000 Ft-ot nyert a Nagykanizsai Reform\u00e1tus Egyh\u00e1zk\u00f6zs\u00e9g. A t\u00e1borban n\u00e9gy napot t\u00f6lthetett el az egyh\u00e1zk\u00f6zs\u00e9g, illetve a gy\u00fclekezet.<\/span><\/p>\n<p class=\"verse\" style=\"text-align: justify; line-height: 150%; background: white;\"><span style=\"color: black;\">Az els\u0151 c\u00e9l: Tal\u00e1lkoz\u00e1s Istennel \u00e9s egym\u00e1ssal, a t\u00f6bbgener\u00e1ci\u00f3s csal\u00e1di t\u00e1bor lehet\u0151s\u00e9g a tal\u00e1lkoz\u00e1sra, ahol a gy\u00fclekezet akt\u00edv, elk\u00f6telezett tagjai ugyan\u00fagy jelen vannak, az \u00f3vod\u00e1ba j\u00e1r\u00f3 gyermekek, hittanosok csal\u00e1dtagjai sz\u00fclei, esetleg nagysz\u00fclei, \u00e9s az egyed\u00fcl\u00e1ll\u00f3 id\u0151sebb testv\u00e9reink is; vagy a k\u00f6z\u00f6ss\u00e9ggel m\u00e9g most ismerked\u0151 k\u00edv\u00fcl\u00e1ll\u00f3k. A t\u00e1mogat\u00e1snak k\u00f6sz\u00f6nhet\u0151en mindannyian k\u00f6tetlenebb form\u00e1ban, m\u00e9gis Krisztussal egys\u00e9gben szerezhett\u00fcnk k\u00f6z\u00f6s \u00e9lm\u00e9nyeket. A gy\u00fclekezeti t\u00e1bornak t\u00f6bb \u00e9vre visszany\u00fal\u00f3 hagyom\u00e1nyai vannak. A szabad programok mellett lehet\u0151s\u00e9g van egym\u00e1s jobb megismer\u00e9s\u00e9re, \u00fagy \u00e1ll\u00edtottuk \u00f6ssze a programokat, hogy legyen id\u0151 egym\u00e1sra. Megismerhetj\u00fck egym\u00e1st az \u00e9nekek, a k\u00f6z\u00f6s im\u00e1ds\u00e1g, az el\u0151ad\u00e1sok \u00e9s a csoportos besz\u00e9lget\u00e9sek r\u00e9v\u00e9n. Az eddigi tapasztalatok alapj\u00e1n siker\u00fcl fenntartani a szabadid\u0151 \u00e9s a k\u00f6t\u00f6tt programok k\u00f6z\u00f6tti egyens\u00falyt.<\/span><\/p>\n<p class=\"verse\" style=\"text-align: justify; line-height: 150%; background: white;\"><span style=\"color: black;\">Az ismerked\u0151, j\u00e9gt\u00f6r\u0151 j\u00e1t\u00e9kok oldott\u00e1k a hangulatot. A feladatok v\u00e9grehajt\u00e1s\u00e1ra szabadt\u00e9ren ker\u00fclt sor, k\u00f6nny\u0171, sz\u00f3rakoztat\u00f3, kicsiket \u00e9s nagyokat is megmozgat\u00f3 csapatj\u00e1t\u00e9kok form\u00e1j\u00e1ban. A t\u00e1borban teljes ell\u00e1t\u00e1st kaptunk, reggelivel, eb\u00e9ddel \u00e9s vacsor\u00e1val. Az el\u0151ad\u00e1sok, \u00e9s az azokat k\u00f6vet\u0151 csoportos megbesz\u00e9l\u00e9sek alatt a gyermekekkel a hitoktat\u00f3k foglalkoztak. A d\u00e9lut\u00e1ni programok: kir\u00e1ndul\u00e1s, a r\u00f6plabd\u00e1z\u00e1s. Vacsora ut\u00e1n lehet\u0151s\u00e9g volt filmn\u00e9z\u00e9sre, t\u00e1nch\u00e1zra, \u00e9s term\u00e9szetesen szabadon v\u00e1laszthat\u00f3 program is volt.<\/span><\/p>\n<p class=\"verse\" style=\"text-align: justify; line-height: 150%; background: white;\"><span style=\"color: black;\">A r\u00e9sztvev\u0151k k\u00f6z\u00f6tt sok gyermek volt. A gyerekfoglalkoz\u00e1sok sor\u00e1n figyelembe kellett venni, hogy a gyermekek j\u00f3 r\u00e9sze nem ismeri egym\u00e1st, \u00e9s a helysz\u00ednt sem, Egyszer\u0171 j\u00e1t\u00e9kokkal, \u00e9nektanul\u00e1ssal seg\u00edtett\u00fck az ismerked\u00e9st. A c\u00e9l az volt, hogy j\u00f3l \u00e9rezz\u00e9k magukat, \u00e9s hogy hazavigy\u00e9k magukkal az \u00e9lm\u00e9nyt, hogy milyen j\u00f3 tal\u00e1lkozni egym\u00e1ssal, \u00e9s Isten szeretet\u00e9vel a gy\u00fclekezet k\u00f6z\u00f6ss\u00e9g\u00e9ben. <\/span><\/p>\n<p class=\"verse\" style=\"text-align: justify; line-height: 150%; background: white;\"><span style=\"color: black;\">Fontos volt, hogy a t\u00e1bor v\u00e9g\u00e9re a gyermekekben \u00e9s a feln\u0151ttekben egyar\u00e1nt fel\u00e9bredjen a v\u00e1gy, hogy a t\u00e1bort k\u00f6vet\u0151en gyakrabban a j\u00f6jjenek a k\u00f6z\u00f6ss\u00e9g\u00fcnkbe. <\/span><img loading=\"lazy\" decoding=\"async\" class=\"wp-image-229 alignleft\" src=\"https:\/\/nagykanizsa.reformatus.hu\/wp-content\/uploads\/2024\/02\/megvalosult_magyarorszag_korm_tamogatasaval_2021-300x66.jpg\" alt=\"\" width=\"609\" height=\"134\" srcset=\"https:\/\/nagykanizsa.reformatus.hu\/wp-content\/uploads\/2024\/02\/megvalosult_magyarorszag_korm_tamogatasaval_2021-300x66.jpg 300w, https:\/\/nagykanizsa.reformatus.hu\/wp-content\/uploads\/2024\/02\/megvalosult_magyarorszag_korm_tamogatasaval_2021-1030x228.jpg 1030w, https:\/\/nagykanizsa.reformatus.hu\/wp-content\/uploads\/2024\/02\/megvalosult_magyarorszag_korm_tamogatasaval_2021-768x170.jpg 768w, https:\/\/nagykanizsa.reformatus.hu\/wp-content\/uploads\/2024\/02\/megvalosult_magyarorszag_korm_tamogatasaval_2021-705x156.jpg 705w, https:\/\/nagykanizsa.reformatus.hu\/wp-content\/uploads\/2024\/02\/megvalosult_magyarorszag_korm_tamogatasaval_2021.jpg 1497w\" sizes=\"auto, (max-width: 609px) 100vw, 609px\" \/><\/p>\n<\/div><\/section>\n<\/div><\/div><div class=\"flex_cell no_margin av_one_third  avia-builder-el-3  el_after_av_cell_two_third  avia-builder-el-last   \" ><div class='flex_cell_inner' >\n<\/div><\/div><\/div><div id='after_submenu_1'  class='main_color av_default_container_wrap container_wrap sidebar_right'  ><div class='container av-section-cont-open' ><div class='template-page content  av-content-small alpha units'><div class='post-entry post-entry-type-page post-entry-194'><div class='entry-content-wrapper clearfix'><div class='flex_column av-hei5u-2b9ae82ed162bf78d14e077d4da4567d av_two_third  avia-builder-el-5  el_after_av_layout_row  el_before_av_two_third  avia-builder-el-first  first flex_column_div '   ><section class=\"av_textblock_section \"  itemscope=\"itemscope\" itemtype=\"https:\/\/schema.org\/CreativeWork\" ><div class='avia_textblock  '   itemprop=\"text\" ><p>A Nagykanizsai Kiscsillag Reform\u00e1tus \u00d3voda kieg\u00e9sz\u00edt\u0151 t\u00e1mogat\u00e1sa<\/p>\n<p>Projektadatok<\/p>\n<p><strong>Kedvezm\u00e9nyezett neve \u00e9s el\u00e9rhet\u0151s\u00e9ge:<\/strong><\/p>\n<p>Nagykanizsai Reform\u00e1tus Egyh\u00e1zk\u00f6zs\u00e9g<\/p>\n<p><em>Nagykanizsa, K\u00e1lvin t\u00e9r 1.<\/em><\/p>\n<p><strong>Telefon:<\/strong> +3630\/630-9130<\/p>\n<p><strong>E-mail:<\/strong> <a href=\"mailto:hellaferenc@gmail.com\">hellaferenc@gmail.com<\/a><\/p>\n<p><strong>A projekt c\u00edme: <\/strong><\/p>\n<p>\u201eA Nagykanizsai Kiscsillag Reform\u00e1tus \u00d3voda kieg\u00e9sz\u00edt\u0151 t\u00e1mogat\u00e1sa\u201d<\/p>\n<p><strong>A p\u00e1ly\u00e1zat azonos\u00edt\u00f3 sz\u00e1ma:<\/strong> \u00a0EGYH-EOR-20-P-0074<\/p>\n<p><strong>A t\u00e1mogat\u00e1s \u00f6sszege:<\/strong> 9.000.000<\/p>\n<p><strong>A t\u00e1mogat\u00e1s m\u00e9rt\u00e9ke:<\/strong> 100%<\/p>\n<p>A projekttel kapcsolatos tov\u00e1bbi inform\u00e1ci\u00f3k:<\/p>\n<p>Hella Ferenc \u2013 lelkip\u00e1sztor<\/p>\n<p>e-mail: <a href=\"mailto:hellaferenc@gmail.com\">hellaferenc@gmail.com<\/a><\/p>\n<p>K\u00f6sz\u00f6nj\u00fck Magyarorsz\u00e1g Korm\u00e1ny\u00e1nak t\u00e1mogat\u00e1s\u00e1t!<\/p>\n<p><img loading=\"lazy\" decoding=\"async\" class=\"alignnone size-full wp-image-215\" src=\"https:\/\/nagykanizsa.reformatus.hu\/wp-content\/uploads\/2023\/02\/keszult_magyarorszag_korm_tamogatasaval_2020-1.jpg\" alt=\"\" width=\"2362\" height=\"613\" srcset=\"https:\/\/nagykanizsa.reformatus.hu\/wp-content\/uploads\/2023\/02\/keszult_magyarorszag_korm_tamogatasaval_2020-1.jpg 2362w, https:\/\/nagykanizsa.reformatus.hu\/wp-content\/uploads\/2023\/02\/keszult_magyarorszag_korm_tamogatasaval_2020-1-300x78.jpg 300w, https:\/\/nagykanizsa.reformatus.hu\/wp-content\/uploads\/2023\/02\/keszult_magyarorszag_korm_tamogatasaval_2020-1-1030x267.jpg 1030w, https:\/\/nagykanizsa.reformatus.hu\/wp-content\/uploads\/2023\/02\/keszult_magyarorszag_korm_tamogatasaval_2020-1-768x199.jpg 768w, https:\/\/nagykanizsa.reformatus.hu\/wp-content\/uploads\/2023\/02\/keszult_magyarorszag_korm_tamogatasaval_2020-1-1536x399.jpg 1536w, https:\/\/nagykanizsa.reformatus.hu\/wp-content\/uploads\/2023\/02\/keszult_magyarorszag_korm_tamogatasaval_2020-1-2048x532.jpg 2048w, https:\/\/nagykanizsa.reformatus.hu\/wp-content\/uploads\/2023\/02\/keszult_magyarorszag_korm_tamogatasaval_2020-1-1500x389.jpg 1500w, https:\/\/nagykanizsa.reformatus.hu\/wp-content\/uploads\/2023\/02\/keszult_magyarorszag_korm_tamogatasaval_2020-1-705x183.jpg 705w\" sizes=\"auto, (max-width: 2362px) 100vw, 2362px\" \/><\/p>\n<\/div><\/section><\/div><\/p>\n<div class='flex_column av-1h13m-c930f7b67cde88f2f67f3109da54d01b av_two_third  avia-builder-el-7  el_after_av_two_third  el_before_av_one_third  first flex_column_div column-top-margin'   ><section class=\"av_textblock_section \"  itemscope=\"itemscope\" itemtype=\"https:\/\/schema.org\/CreativeWork\" ><div class='avia_textblock  '   itemprop=\"text\" ><p>Projekt c\u00e9lja, le\u00edr\u00e1sa<\/p>\n<p>Szeretetben \u00f6sszefogva egym\u00e1s\u00e9rt<\/p>\n<p><strong><u>A projekt r\u00e9szletes bemutat\u00e1sa:<\/u><\/strong><\/p>\n<p>A Nagykanizsai Reform\u00e1tus Egyh\u00e1zk\u00f6zs\u00e9g \u00e1ltal beny\u00fajtott, \u201eSzeretetben \u00f6sszefogva egym\u00e1s\u00e9rt!\u201dc\u00edm\u0171 projekt c\u00e9lja olyan programok szervez\u00e9se volt, amelyek a helyi k\u00f6z\u00f6ss\u00e9gi \u00f6sszetartoz\u00e1st er\u0151s\u00edtik, illetve \u00f6sszekapcsoljuk a k\u00fcl\u00f6nb\u00f6z\u0151 koroszt\u00e1lyhoz tartoz\u00f3kat, amelyekkel a k\u00f6z\u00f6ss\u00e9gfejleszt\u00e9s c\u00e9lja is megval\u00f3sul. A p\u00e1ly\u00e1zati keretein bel\u00fcl a t\u00e1rsadalmi \u00f6sszetartoz\u00e1st t\u00e1mogat\u00f3 \u00e9s k\u00f6z\u00f6ss\u00e9gfejleszt\u00e9si programok szervez\u00e9s\u00e9t v\u00e1llaltuk.<\/p>\n<p>A projekt tervez\u00e9s\u00e9be bevontuk a Nagykanizsai Kiscsillag Reform\u00e1tus \u00d3voda vezet\u0151j\u00e9t, pedag\u00f3gusait, a presbit\u00e9rium tagjait, a biblia\u00f3r\u00e1s csapat tagjait, \u00e9s a gy\u00fclekezetben szolg\u00e1l\u00f3kat. Az\u00e9rt tartottuk ezt fontosnak, mert fontos szempont sz\u00e1munkra a helyi er\u0151forr\u00e1s bevon\u00e1sa, a kis \u00e9s a nagy k\u00f6z\u00f6ss\u00e9gek aktiviz\u00e1l\u00e1sa. A tervez\u00e9sn\u00e9l azt tartottuk szem el\u0151tt, hogy a projekt megval\u00f3s\u00edt\u00e1sa val\u00f3ban a k\u00f6z\u00f6ss\u00e9g, az egym\u00e1ssal val\u00f3 kapcsolat elm\u00e9ly\u00edt\u00e9s\u00e9hez adjon seg\u00edts\u00e9get. Ennek megval\u00f3sul\u00e1sa \u00e9rdek\u00e9ben m\u00e1r az eg\u00e9szen korai szakaszban is t\u00e9nylegesen bevontuk az \u00e9rintetteket a tervez\u00e9si folyamatba. Sz\u00e1mos lehet\u0151s\u00e9g van, ahol a gy\u00fclekezeti tagok, az id\u0151skor\u00faak, az \u00f3vod\u00e1skor\u00faak, \u00e9s az \u0151 csal\u00e1dtagjaik r\u00e1tal\u00e1lhatnak egym\u00e1sra. Ter\u00fcletet szeretn\u00e9nk biztos\u00edtani arra, hogy a gener\u00e1ci\u00f3k k\u00f6z\u00f6tt h\u00edd \u00e9p\u00fclj\u00f6n, ez\u00e1ltal biztos\u00edtsuk a lehet\u0151s\u00e9get annak, hogy t\u00e1maszt kapjanak a gy\u00fclekezeti tagjaink a t\u00e1rsadalmi \u00f6sszetartoz\u00e1s er\u0151s\u00edt\u00e9se r\u00e9v\u00e9n. A c\u00e9lunk olyan alkalmak, programok tervez\u00e9se, ahol val\u00f3ban meg tud val\u00f3sulni, hogy jelen tudunk lenni az emberek \u00e9let\u00e9ben a b\u00f6lcs\u0151t\u0151l a s\u00edrig.<\/p>\n<p>C\u00e9lcsoportok:<\/p>\n<p>A projekt els\u0151dleges c\u00e9lcsoportja a gy\u00fclekezeti tagok, az id\u0151skor\u00faak, az \u0151 csal\u00e1dtagjaik, illetve a Nagykanizsai Kiscsillag Reform\u00e1tus \u00d3voda \u00f3vod\u00e1sai, az \u0151 sz\u00fcleik, nagysz\u00fcleik, csal\u00e1dtagjaik.<\/p>\n<ol>\n<li>program: Tan\u00e9vnyit\u00f3 istentisztelet \u00e9s csal\u00e1di nap<\/li>\n<li>program: J\u00f3t\u00e9konys\u00e1gi est<\/li>\n<li>program: Befogad\u00f3 istentisztelet<\/li>\n<li>program Mesed\u00e9lel\u0151tt az oviban<\/li>\n<\/ol>\n<p>Online esem\u00e9nyek<\/p>\n<p>A t\u00e1rsadalmi \u00f6sszetartoz\u00e1s er\u0151s\u00edt\u00e9s\u00e9re online esem\u00e9nyek szervez\u00e9s\u00e9t is tervezz\u00fck.\u00a0 Az elm\u00falt id\u0151szak\u00e1ban a COVID19 j\u00e1rv\u00e1ny idej\u00e9n sajnos nem lehett\u00fcnk egy\u00fctt szem\u00e9lyesen az alkalmainkon. K\u00fcls\u0151 seg\u00edt\u0151t pr\u00f3b\u00e1ltunk meg bevonni, \u00e9s b\u00e9relt\u00fcnk eszk\u00f6z\u00f6ket, hogy a j\u00e1rv\u00e1ny idej\u00e9n is tudjuk tartani a kapcsolatot az emberekkel, a csal\u00e1dokkal. Nagyon sok visszajelz\u00e9st kaptunk, hogy erre milyen nagy sz\u00fcks\u00e9g volt, hogy milyen sokat seg\u00edtett\u00fcnk a lelki meger\u0151s\u00edt\u00e9sben. A k\u00f6z\u00f6ss\u00e9gi oldalainkat meglep\u0151en sokan l\u00e1togatt\u00e1k, \u00e9s k\u00f6vett\u00e9k a programokat online m\u00f3don (1100 \u2013 3300 l\u00e1togat\u00f3t \u00e9rt\u00fcnk el). A t\u00e1mogat\u00e1snak k\u00f6sz\u00f6nhet\u0151n eszk\u00f6z\u00f6ket v\u00e1s\u00e1roltunk \u00e9s egyr\u00e9szt r\u00f6gz\u00edtj\u00fck az alkalmak anyagait, valamint online k\u00f6zvet\u00edt\u00e9ssel lehet\u0151v\u00e9 tessz\u00fck a csatlakoz\u00e1st azok sz\u00e1m\u00e1ra, akik nem lehetnek szem\u00e9lyesen jelen k\u00f6z\u00f6tt\u00fcnk. \u00cdgy a betegeket, az id\u0151seket tov\u00e1bbra is be tudjuk csatlakoztatni a k\u00f6z\u00f6ss\u00e9gi alkalmainkba: az istentiszteletek, a biblia\u00f3r\u00e1k, a tan\u00e9vnyit\u00f3 istentisztelet \u00e9s csal\u00e1di nap, a j\u00f3t\u00e9konys\u00e1gi est, a befogad\u00f3 istentisztelet, a mesed\u00e9lel\u0151tt, koncertek vagy \u00e9ppen a nagy m\u00falttal rendelkez\u0151, t\u00f6bb mint 20 esztend\u0151t meg\u00e9lt Kanizsai Est\u00e9k el\u0151ad\u00e1ssorozataiba.<\/p>\n<p>Projektadatok<\/p>\n<p><strong>Kedvezm\u00e9nyezett neve \u00e9s el\u00e9rhet\u0151s\u00e9ge:<\/strong><\/p>\n<p>Nagykanizsai Reform\u00e1tus Egyh\u00e1zk\u00f6zs\u00e9g<\/p>\n<p><em>Nagykanizsa, K\u00e1lvin t\u00e9r 1.<\/em><\/p>\n<p><strong>Telefon:<\/strong> +3630\/630-9130<\/p>\n<p><strong>E-mail:<\/strong> <a href=\"mailto:hellaferenc@gmail.com\">hellaferenc@gmail.com<\/a><\/p>\n<p><strong>A projekt c\u00edme: <\/strong><\/p>\n<p>\u201eSzeretetben \u00f6sszefogva egym\u00e1s\u00e9rt\u201d<\/p>\n<p><strong>A p\u00e1ly\u00e1zat azonos\u00edt\u00f3 sz\u00e1ma:<\/strong> TOP-7.1.1-16-H-ESZA-2020-01712<\/p>\n<p><strong>A projekt id\u0151tartama: <\/strong>2021.09.05-2022.07.31.<\/p>\n<p><strong>A t\u00e1mogat\u00e1s \u00f6sszege:<\/strong> 2.000.000<\/p>\n<p><strong>A t\u00e1mogat\u00e1s m\u00e9rt\u00e9ke:<\/strong> 100%<\/p>\n<p>A projekttel kapcsolatos tov\u00e1bbi inform\u00e1ci\u00f3k:<\/p>\n<p>Hella Ferenc \u2013 lelkip\u00e1sztor<\/p>\n<p>e-mail: <a href=\"mailto:hellaferenc@gmail.com\">hellaferenc@gmail.com<\/a><\/p>\n<p><em>A projekt az Eur\u00f3pai Szoci\u00e1lis Alap t\u00e1rsfinansz\u00edroz\u00e1s\u00e1val val\u00f3sul meg. <\/em><\/p>\n<\/div><\/section><\/div>\n<div class='flex_column av-x51u-a2f197da51e4733d9ad808276fe27806 av_one_third  avia-builder-el-9  el_after_av_two_third  el_before_av_hr  flex_column_div column-top-margin'   ><style type=\"text\/css\" data-created_by=\"avia_inline_auto\" id=\"style-css-av-l7rd196g-c0280b724419c127ce4531099be63bc0\">\n.avia-image-container.av-l7rd196g-c0280b724419c127ce4531099be63bc0 .av-image-caption-overlay-center{\ncolor:#ffffff;\n}\n<\/style>\n<div  class='avia-image-container av-l7rd196g-c0280b724419c127ce4531099be63bc0 av-styling- avia-align-left  avia-builder-el-10  avia-builder-el-no-sibling  '  itemprop=\"image\" itemscope=\"itemscope\" itemtype=\"https:\/\/schema.org\/ImageObject\" ><div class=\"avia-image-container-inner\"><div class=\"avia-image-overlay-wrap\"><img decoding=\"async\" class='wp-image-200 avia-img-lazy-loading-not-200 avia_image' src=\"https:\/\/nagykanizsa.reformatus.hu\/wp-content\/uploads\/2022\/09\/Screenshot-2022-09-07-at-10-28-45-top_7_1_1_16_h_esza_2020_01712_c_fekvo_nyomdai_reformatus_tervezet-2.pdf.png\" alt='' title='Screenshot 2022-09-07 at 10-28-45 top_7_1_1_16_h_esza_2020_01712_c_fekvo_nyomdai_reform\u00e1tus_tervezet (2).pdf'  height=\"833\" width=\"1172\"  itemprop=\"thumbnailUrl\" srcset=\"https:\/\/nagykanizsa.reformatus.hu\/wp-content\/uploads\/2022\/09\/Screenshot-2022-09-07-at-10-28-45-top_7_1_1_16_h_esza_2020_01712_c_fekvo_nyomdai_reformatus_tervezet-2.pdf.png 1172w, https:\/\/nagykanizsa.reformatus.hu\/wp-content\/uploads\/2022\/09\/Screenshot-2022-09-07-at-10-28-45-top_7_1_1_16_h_esza_2020_01712_c_fekvo_nyomdai_reformatus_tervezet-2.pdf-300x213.png 300w, https:\/\/nagykanizsa.reformatus.hu\/wp-content\/uploads\/2022\/09\/Screenshot-2022-09-07-at-10-28-45-top_7_1_1_16_h_esza_2020_01712_c_fekvo_nyomdai_reformatus_tervezet-2.pdf-1030x732.png 1030w, https:\/\/nagykanizsa.reformatus.hu\/wp-content\/uploads\/2022\/09\/Screenshot-2022-09-07-at-10-28-45-top_7_1_1_16_h_esza_2020_01712_c_fekvo_nyomdai_reformatus_tervezet-2.pdf-768x546.png 768w, https:\/\/nagykanizsa.reformatus.hu\/wp-content\/uploads\/2022\/09\/Screenshot-2022-09-07-at-10-28-45-top_7_1_1_16_h_esza_2020_01712_c_fekvo_nyomdai_reformatus_tervezet-2.pdf-260x185.png 260w, https:\/\/nagykanizsa.reformatus.hu\/wp-content\/uploads\/2022\/09\/Screenshot-2022-09-07-at-10-28-45-top_7_1_1_16_h_esza_2020_01712_c_fekvo_nyomdai_reformatus_tervezet-2.pdf-705x501.png 705w\" sizes=\"(max-width: 1172px) 100vw, 1172px\" \/><\/div><\/div><\/div><\/div>\n<div  class='hr av-lat9lav9-234ff0bf8176f8107a0fb93daba36419 hr-default  avia-builder-el-11  el_after_av_one_third  el_before_av_layout_row  avia-builder-el-last  '><span class='hr-inner '><span class=\"hr-inner-style\"><\/span><\/span><\/div>\n<\/div><\/div><\/div><!-- close content main div --><\/div><\/div><div id='av-layout-grid-2'  class='av-layout-grid-container entry-content-wrapper main_color av-flex-cells     avia-builder-el-12  el_after_av_hr  el_before_av_textblock  submenu-not-first container_wrap sidebar_right'  >\n<div class=\"flex_cell no_margin av_two_third  avia-builder-el-13  el_before_av_cell_one_third  avia-builder-el-first   \" ><div class='flex_cell_inner' ><section class=\"av_textblock_section \"  itemscope=\"itemscope\" itemtype=\"https:\/\/schema.org\/CreativeWork\" ><div class='avia_textblock  '   itemprop=\"text\" ><p><strong>A projekt c\u00edme: <\/strong>\u201cHACSuNK\u201d<br \/>\n<strong>A p\u00e1ly\u00e1zat azonos\u00edt\u00f3 sz\u00e1ma:\u00a0<\/strong>TOP-7.1.1-16-2016-00033<br \/>\n<strong>A projekt befejez\u00e9si d\u00e1tuma:\u00a0<\/strong>2022.07.31.<br \/>\n<strong>A t\u00e1mogat\u00e1s \u00f6sszege:\u00a0<\/strong>60.000.000 Ft<br \/>\n<strong>A t\u00e1mogat\u00e1s m\u00e9rt\u00e9ke:\u00a0<\/strong>100%<\/p>\n<p>A projekt c\u00e9lja, hogy a keret\u00e9ben m\u0171k\u00f6d\u0151 munkaszervezete r\u00e9v\u00e9n \u00f6sszefogja a k\u00f6zszolg\u00e1ltat\u00e1sok, valamint a kult\u00fara ter\u00fclet\u00e9n m\u0171k\u00f6d\u0151 helyi szervezeteket. Figyelembe v\u00e9ve a makro-, \u00e9s mikro k\u00f6rnyezeti, gazdas\u00e1gi, \u00e9s finansz\u00edroz\u00e1si keretrendszert azonos\u00edtsa a m\u0171k\u00f6d\u00e9si ter\u00fclet\u00e9n felmer\u00fcl\u0151 sz\u00fcks\u00e9gleteket. A sz\u00fcks\u00e9gletek alapj\u00e1n olyan integr\u00e1lt beavatkoz\u00e1sokat k\u00e9sz\u00edt el\u0151, amelyek amellett, hogy biztos\u00edtj\u00e1k a m\u00e1r megl\u00e9v\u0151 er\u0151s helyi be\u00e1gyaz\u00f3d\u00e1ssal rendelkez\u0151 projektek fejleszt\u00e9s\u00e9t, lehet\u0151s\u00e9get biztos\u00edtson innovat\u00edv fejleszt\u00e9sek megval\u00f3s\u00edt\u00e1s\u00e1ra. Legfontosabb beavatkoz\u00e1si pontok: &#8211; Kultur\u00e1lis infrastrukt\u00fara fejleszt\u00e9se, kultur\u00e1lis szolg\u00e1ltat\u00e1sok fejleszt\u00e9s\u00e9vel &#8211; Nagykanizsa t\u00f6rt\u00e9nelmi v\u00e1rosk\u00f6zpontj\u00e1ban tal\u00e1lhat\u00f3 k\u00f6z\u00f6ss\u00e9gi infrastrukt\u00fara fejleszt\u00e9se &#8211; Kultur\u00e1lis infrastrukt\u00fara fejleszt\u00e9se, kultur\u00e1lis szolg\u00e1ltat\u00e1sok fejleszt\u00e9s\u00e9vel &#8211; T\u00e1rsadalmi integr\u00e1ci\u00f3t er\u0151s\u00edt\u0151 k\u00f6z\u00f6ss\u00e9gfejleszt\u00e9si programok fejleszt\u00e9se &#8211; Innovat\u00edv lok\u00e1lis h\u00e1l\u00f3zatosod\u00e1st t\u00e1mogat\u00f3 rendezv\u00e9nysorozat fejleszt\u00e9se &#8211; Innovat\u00edv lok\u00e1lis h\u00e1l\u00f3zatosod\u00e1st t\u00e1mogat\u00f3 rendezv\u00e9nysorozat fejleszt\u00e9se &#8211; Innovat\u00edv \u00e9letm\u00f3dvezet\u00e9si, \u00e9s eg\u00e9szs\u00e9gfejleszt\u00e9si eszk\u00f6z\u00f6k kialak\u00edt\u00e1sa, \u00e9s bevezet\u00e9se &#8211; T\u00e1rsadalmi integr\u00e1ci\u00f3t er\u0151s\u00edt\u0151 k\u00f6z\u00f6ss\u00e9gfejleszt\u00e9si programok fejleszt\u00e9se &#8211; T\u00e1rsadalmi integr\u00e1ci\u00f3t er\u0151s\u00edt\u0151 k\u00f6z\u00f6ss\u00e9gfejleszt\u00e9si programok fejleszt\u00e9se &#8211; Eg\u00e9szs\u00e9gfeljeszt\u00e9si k\u00f6z\u00f6ss\u00e9gi programok szervez\u00e9se &#8211; Innovat\u00edv \u00e9letm\u00f3dvezet\u00e9si, \u00e9s eg\u00e9szs\u00e9gfejleszt\u00e9si eszk\u00f6z\u00f6k kialak\u00edt\u00e1sa, \u00e9s bevezet\u00e9se &#8211; Lok\u00e1lis kultur\u00e1lis h\u00e1tt\u00e9rrel rendelkez\u0151 gasztrokultur\u00e1lis programok fejleszt\u00e9se &#8211; Kisl\u00e9pt\u00e9k\u0171 identit\u00e1st fejleszt\u0151 lok\u00e1lis gazdas\u00e1gi rendezv\u00e9nyek t\u00e1mogat\u00e1sa &#8211; Szabadid\u0151s eg\u00e9szs\u00e9gfejleszt\u00e9si infrastrukt\u00fara fejleszt\u00e9se &#8211; Lak\u00f3t\u00f6mb\u00f6kben k\u00f6z\u00f6ss\u00e9gi pontok kialak\u00edt\u00e1sa &#8211; Innovat\u00edv lok\u00e1lis h\u00e1l\u00f3zatosod\u00e1st t\u00e1mogat\u00f3 rendezv\u00e9nysorozat fejleszt\u00e9se<\/p>\n<p><em>A projekt az Eur\u00f3pai Region\u00e1lis Fejleszt\u00e9si Alap t\u00e1rsfinansz\u00edroz\u00e1s\u00e1val val\u00f3sul meg.<\/em><\/p>\n<p><em>K\u00d6SZ\u00d6NJ\u00dcK A MAGYAR \u00c1LLAM \u00c9S AZ EUR\u00d3PAI UNI\u00d3 T\u00c1MOGAT\u00c1S\u00c1T.<\/em><\/p>\n<\/div><\/section>\n<\/div><\/div><div class=\"flex_cell no_margin av_one_third  avia-builder-el-15  el_after_av_cell_two_third  avia-builder-el-last   \" ><div class='flex_cell_inner' >\n<style type=\"text\/css\" data-created_by=\"avia_inline_auto\" id=\"style-css-av-lat9i2no-8ec5611bd26343560a461cb8512301d0\">\n.avia-image-container.av-lat9i2no-8ec5611bd26343560a461cb8512301d0 .av-image-caption-overlay-center{\ncolor:#ffffff;\n}\n<\/style>\n<div  class='avia-image-container av-lat9i2no-8ec5611bd26343560a461cb8512301d0 av-styling- avia-align-center  avia-builder-el-16  avia-builder-el-no-sibling  '  itemprop=\"image\" itemscope=\"itemscope\" itemtype=\"https:\/\/schema.org\/ImageObject\" ><div class=\"avia-image-container-inner\"><div class=\"avia-image-overlay-wrap\"><img decoding=\"async\" class='wp-image-207 avia-img-lazy-loading-not-207 avia_image' src=\"https:\/\/nagykanizsa.reformatus.hu\/wp-content\/uploads\/2022\/11\/esba-infoblokk-300x210.png\" alt='' title='esba-infoblokk'  height=\"210\" width=\"300\"  itemprop=\"thumbnailUrl\" srcset=\"https:\/\/nagykanizsa.reformatus.hu\/wp-content\/uploads\/2022\/11\/esba-infoblokk-300x210.png 300w, https:\/\/nagykanizsa.reformatus.hu\/wp-content\/uploads\/2022\/11\/esba-infoblokk.png 472w\" sizes=\"(max-width: 300px) 100vw, 300px\" \/><\/div><\/div><\/div>\n<\/div><\/div>\n<\/div><div id='after_submenu_2'  class='main_color av_default_container_wrap container_wrap sidebar_right'  ><div class='container av-section-cont-open' ><div class='template-page content  av-content-small alpha units'><div class='post-entry post-entry-type-page post-entry-194'><div class='entry-content-wrapper clearfix'>\n<section class=\"av_textblock_section \"  itemscope=\"itemscope\" itemtype=\"https:\/\/schema.org\/CreativeWork\" ><div class='avia_textblock  '   itemprop=\"text\" ><p>Click here to add your own text<\/p>\n<\/div><\/section>\n","protected":false},"excerpt":{"rendered":"","protected":false},"author":1,"featured_media":0,"parent":0,"menu_order":0,"comment_status":"closed","ping_status":"closed","template":"","meta":{"footnotes":""},"class_list":["post-194","page","type-page","status-publish","hentry"],"_links":{"self":[{"href":"https:\/\/nagykanizsa.reformatus.hu\/index.php?rest_route=\/wp\/v2\/pages\/194","targetHints":{"allow":["GET"]}}],"collection":[{"href":"https:\/\/nagykanizsa.reformatus.hu\/index.php?rest_route=\/wp\/v2\/pages"}],"about":[{"href":"https:\/\/nagykanizsa.reformatus.hu\/index.php?rest_route=\/wp\/v2\/types\/page"}],"author":[{"embeddable":true,"href":"https:\/\/nagykanizsa.reformatus.hu\/index.php?rest_route=\/wp\/v2\/users\/1"}],"replies":[{"embeddable":true,"href":"https:\/\/nagykanizsa.reformatus.hu\/index.php?rest_route=%2Fwp%2Fv2%2Fcomments&post=194"}],"version-history":[{"count":15,"href":"https:\/\/nagykanizsa.reformatus.hu\/index.php?rest_route=\/wp\/v2\/pages\/194\/revisions"}],"predecessor-version":[{"id":234,"href":"https:\/\/nagykanizsa.reformatus.hu\/index.php?rest_route=\/wp\/v2\/pages\/194\/revisions\/234"}],"wp:attachment":[{"href":"https:\/\/nagykanizsa.reformatus.hu\/index.php?rest_route=%2Fwp%2Fv2%2Fmedia&parent=194"}],"curies":[{"name":"wp","href":"https:\/\/api.w.org\/{rel}","templated":true}]}}