{"id":19,"date":"2021-07-28T14:06:44","date_gmt":"2021-07-28T14:06:44","guid":{"rendered":"https:\/\/nagykanizsa.reformatus.hu\/?page_id=19"},"modified":"2021-08-24T10:07:46","modified_gmt":"2021-08-24T10:07:46","slug":"hitunk","status":"publish","type":"page","link":"https:\/\/nagykanizsa.reformatus.hu\/?page_id=19","title":{"rendered":"Hit\u00fcnk"},"content":{"rendered":"\n<style type=\"text\/css\" data-created_by=\"avia_inline_auto\" id=\"style-css-av-kspwjfuj-987c269cd381cf48d6c90b3e5c5cd16e\">\n#top .av-special-heading.av-kspwjfuj-987c269cd381cf48d6c90b3e5c5cd16e{\npadding-bottom:10px;\n}\n<\/style>\n<div  class='av-special-heading av-kspwjfuj-987c269cd381cf48d6c90b3e5c5cd16e av-special-heading-h2  avia-builder-el-0  el_before_av_hr  avia-builder-el-first  '><h2 class='av-special-heading-tag '  itemprop=\"headline\"  >Hit\u00fcnk<\/h2><div class='special-heading-border'><div class='special-heading-inner-border'><\/div><\/div><\/div>\n\n<style type=\"text\/css\" data-created_by=\"avia_inline_auto\" id=\"style-css-av-kspwjkxe-e50ce6d9b89e5c68617b2c349b4a7347\">\n#top .hr.hr-invisible.av-kspwjkxe-e50ce6d9b89e5c68617b2c349b4a7347{\nheight:25px;\n}\n<\/style>\n<div  class='hr av-kspwjkxe-e50ce6d9b89e5c68617b2c349b4a7347 hr-invisible  avia-builder-el-1  el_after_av_heading  el_before_av_one_half  '><span class='hr-inner '><span class=\"hr-inner-style\"><\/span><\/span><\/div>\n<div class='flex_column av-1fnqj-29e46f1c982e5d452acccfa9497c7542 av_one_half  avia-builder-el-2  el_after_av_hr  el_before_av_one_half  first flex_column_div '   ><section class=\"av_textblock_section \"  itemscope=\"itemscope\" itemtype=\"https:\/\/schema.org\/CreativeWork\" ><div class='avia_textblock  '   itemprop=\"text\" ><p>A mai ember csup\u00e1n kapkodja a fej\u00e9t ide-oda, hiszen olyan sok helyen k\u00edn\u00e1lnak a probl\u00e9m\u00e1kra, gondokra megold\u00e1st. Azt\u00e1n csak telik \u2013 m\u00falik az id\u0151 \u00e9s v\u00e9g\u00fcl szomor\u00faan tapasztalja, hogy nem siker\u00fclt, nem kapott megnyugtat\u00f3 v\u00e1laszt.<\/p>\n<p>Sajnos nagyon sokan nem tal\u00e1lj\u00e1k a hely\u00fcket ebben a vil\u00e1gban, \u201c\u0171r\u00e9rz\u00e9ssel\u201d k\u00fczdenek.<\/p>\n<p>A szem\u00e9lyes besz\u00e9lget\u00e9sek sor\u00e1n tapasztaltam, hogy az emberekben ott van a v\u00e1gy Isten ut\u00e1n, ott van a v\u00e1gy a k\u00f6z\u00f6ss\u00e9gek ut\u00e1n, ahol j\u00f3l \u00e9rezhetik magukat. Szeretn\u00e9nk seg\u00edteni, hogy megtal\u00e1lj\u00e1k az igazi b\u00e9kess\u00e9get, \u00e9s a t\u00e1maszt. J\u00f3 az, hogy van egyh\u00e1z, van gy\u00fclekezet azzal a csod\u00e1latos \u00fatmutat\u00e1ssal, amit Istent\u0151l kaptunk. Ez ki\u00e1llta m\u00e1r az id\u0151k pr\u00f3b\u00e1j\u00e1t. S oly sokszor er\u0151t, rem\u00e9nyt \u00e9s b\u00e1tor\u00edt\u00e1st adott.<\/p>\n<p>A Szent\u00edr\u00e1sb\u00f3l tudjuk, hogy J\u00e9zus Krisztusnak tulajdonai vagyunk, aki nem aranyon vagy ez\u00fcst\u00f6n, hanem az \u0150 dr\u00e1ga v\u00e9r\u00e9n v\u00e1lltott meg. Ezzel minden b\u0171n\u00fcnkt\u0151l megszabad\u00edtott.<\/p>\n<p>Hiszem, hogy a mai embernek meg kell tudnia azt is, hogy az \u00e9let\u00e9ben nem az lesz amit\u0151l f\u00e9l, nem az lesz, amit a rosszindulat\u00fa emberek akarnak, hanem az lesz, amit Isten akar.<\/p>\n<p>Csod\u00e1latos ezzel a hittel \u00e9lni: hozz\u00e1 tartozom, nem vagyok egyed\u00fcl ebben a vil\u00e1gban. Velem volt, velem van \u00e9s velem lesz az \u00e9n mennyei \u00e9des Aty\u00e1m.<\/p>\n<p>Ez a hit ad sz\u00e1munkra lelki tart\u00e1st, ez a hit ad rem\u00e9nys\u00e9get.<\/p>\n<\/div><\/section><\/div>\n<div class='flex_column av-s37b-abbac3c0b02d78dad3e2bc07f5337fe2 av_one_half  avia-builder-el-4  el_after_av_one_half  el_before_av_hr  flex_column_div '   ><p>\n<style type=\"text\/css\" data-created_by=\"avia_inline_auto\" id=\"style-css-av-kspwlpdv-cdd6556af05b8624de2cdad2cf49a78e\">\n#top .hr.hr-invisible.av-kspwlpdv-cdd6556af05b8624de2cdad2cf49a78e{\nheight:20px;\n}\n<\/style>\n<div  class='hr av-kspwlpdv-cdd6556af05b8624de2cdad2cf49a78e hr-invisible  avia-builder-el-5  el_before_av_video  avia-builder-el-first  '><span class='hr-inner '><span class=\"hr-inner-style\"><\/span><\/span><\/div><br \/>\n<div  class='avia-video avia-video-16-9   av-lazyload-immediate  av-lazyload-video-embed  '   itemprop=\"video\" itemtype=\"https:\/\/schema.org\/VideoObject\"  data-original_url='https:\/\/www.youtube.com\/watch?v=lH1P9uR8nrI' ><script type='text\/html' class='av-video-tmpl'><div class='avia-iframe-wrap'><iframe loading=\"lazy\" title=\"Ne f\u00e9lj !\" width=\"1333\" height=\"1000\" src=\"https:\/\/www.youtube.com\/embed\/lH1P9uR8nrI?feature=oembed&autoplay=0&loop=0&controls=1&mute=0\" frameborder=\"0\" allow=\"accelerometer; autoplay; clipboard-write; encrypted-media; gyroscope; picture-in-picture\" allowfullscreen><\/iframe><\/div><\/script><div class='av-click-to-play-overlay'><div class=\"avia_playpause_icon\"><\/div><\/div><\/div><\/p><\/div>\n\n<style type=\"text\/css\" data-created_by=\"avia_inline_auto\" id=\"style-css-av-kspwn1r6-22992fe65ff9ac78e8c48fb0d16efb68\">\n#top .hr.hr-invisible.av-kspwn1r6-22992fe65ff9ac78e8c48fb0d16efb68{\nheight:50px;\n}\n<\/style>\n<div  class='hr av-kspwn1r6-22992fe65ff9ac78e8c48fb0d16efb68 hr-invisible  avia-builder-el-7  el_after_av_one_half  el_before_av_social_share  '><span class='hr-inner '><span class=\"hr-inner-style\"><\/span><\/span><\/div>\n<div  class='av-social-sharing-box av-social-sharing-box-default   avia-builder-el-8  el_after_av_hr  avia-builder-el-last  av-social-sharing-box-fullwidth '><div class=\"av-share-box\"><h5 class='av-share-link-description av-no-toc '>Megoszt\u00e1s<\/h5><ul class=\"av-share-box-list noLightbox\"><li class='av-share-link av-social-link-facebook' ><a target=\"_blank\" aria-label=\"Megoszt\u00e1s Facebook\" href='https:\/\/www.facebook.com\/sharer.php?u=https:\/\/nagykanizsa.reformatus.hu\/?page_id=19&#038;t=Hit%C3%BCnk' aria-hidden='false' data-av_icon='\ue8f3' data-av_iconfont='entypo-fontello' title='' data-avia-related-tooltip='Megoszt\u00e1s Facebook' rel=\"noopener\"><span class='avia_hidden_link_text'>Megoszt\u00e1s Facebook<\/span><\/a><\/li><li class='av-share-link av-social-link-twitter' ><a target=\"_blank\" aria-label=\"Megoszt\u00e1s Twitter\" href='https:\/\/twitter.com\/share?text=Hit%C3%BCnk&#038;url=https:\/\/nagykanizsa.reformatus.hu\/?p=19' aria-hidden='false' data-av_icon='\ue8f1' data-av_iconfont='entypo-fontello' title='' data-avia-related-tooltip='Megoszt\u00e1s Twitter' rel=\"noopener\"><span class='avia_hidden_link_text'>Megoszt\u00e1s Twitter<\/span><\/a><\/li><li class='av-share-link av-social-link-whatsapp' ><a target=\"_blank\" aria-label=\"Share on WhatsApp\" href='https:\/\/api.whatsapp.com\/send?text=https:\/\/nagykanizsa.reformatus.hu\/?page_id=19' aria-hidden='false' data-av_icon='\uf232' data-av_iconfont='entypo-fontello' title='' data-avia-related-tooltip='Share on WhatsApp' rel=\"noopener\"><span class='avia_hidden_link_text'>Share on WhatsApp<\/span><\/a><\/li><li class='av-share-link av-social-link-linkedin' ><a target=\"_blank\" aria-label=\"Megoszt\u00e1s LinkedIn\" href='https:\/\/linkedin.com\/shareArticle?mini=true&#038;title=Hit%C3%BCnk&#038;url=https:\/\/nagykanizsa.reformatus.hu\/?page_id=19' aria-hidden='false' data-av_icon='\ue8fc' data-av_iconfont='entypo-fontello' title='' data-avia-related-tooltip='Megoszt\u00e1s LinkedIn' rel=\"noopener\"><span class='avia_hidden_link_text'>Megoszt\u00e1s LinkedIn<\/span><\/a><\/li><li class='av-share-link av-social-link-mail' ><a  aria-label=\"Megoszt\u00e1s emailben\" href='mailto:?subject=Hit%C3%BCnk&#038;body=https:\/\/nagykanizsa.reformatus.hu\/?page_id=19' aria-hidden='false' data-av_icon='\ue805' data-av_iconfont='entypo-fontello' title='' data-avia-related-tooltip='Megoszt\u00e1s emailben'><span class='avia_hidden_link_text'>Megoszt\u00e1s emailben<\/span><\/a><\/li><\/ul><\/div><\/div>\n","protected":false},"excerpt":{"rendered":"","protected":false},"author":1,"featured_media":0,"parent":0,"menu_order":2,"comment_status":"closed","ping_status":"closed","template":"","meta":{"footnotes":""},"class_list":["post-19","page","type-page","status-publish","hentry"],"_links":{"self":[{"href":"https:\/\/nagykanizsa.reformatus.hu\/index.php?rest_route=\/wp\/v2\/pages\/19","targetHints":{"allow":["GET"]}}],"collection":[{"href":"https:\/\/nagykanizsa.reformatus.hu\/index.php?rest_route=\/wp\/v2\/pages"}],"about":[{"href":"https:\/\/nagykanizsa.reformatus.hu\/index.php?rest_route=\/wp\/v2\/types\/page"}],"author":[{"embeddable":true,"href":"https:\/\/nagykanizsa.reformatus.hu\/index.php?rest_route=\/wp\/v2\/users\/1"}],"replies":[{"embeddable":true,"href":"https:\/\/nagykanizsa.reformatus.hu\/index.php?rest_route=%2Fwp%2Fv2%2Fcomments&post=19"}],"version-history":[{"count":8,"href":"https:\/\/nagykanizsa.reformatus.hu\/index.php?rest_route=\/wp\/v2\/pages\/19\/revisions"}],"predecessor-version":[{"id":117,"href":"https:\/\/nagykanizsa.reformatus.hu\/index.php?rest_route=\/wp\/v2\/pages\/19\/revisions\/117"}],"wp:attachment":[{"href":"https:\/\/nagykanizsa.reformatus.hu\/index.php?rest_route=%2Fwp%2Fv2%2Fmedia&parent=19"}],"curies":[{"name":"wp","href":"https:\/\/api.w.org\/{rel}","templated":true}]}}